{"id":12828,"date":"2024-05-23T15:10:23","date_gmt":"2024-05-23T13:10:23","guid":{"rendered":"https:\/\/dh.heska.mp\/imprint\/"},"modified":"2024-07-09T16:51:13","modified_gmt":"2024-07-09T14:51:13","slug":"imprint","status":"publish","type":"page","link":"https:\/\/dh-software.de\/en\/imprint\/","title":{"rendered":"Imprint"},"content":{"rendered":"<h3>D+H Software GmbH<\/h3>\n<p>R\u00f6nacker 2<br \/>\n48619 Heek-Nienborg<br \/>\nGermany<\/p>\n<p>Phone: +49 (0) 2568\/9320-0<br \/>\nE-mail: <a title=\"Write us an e-mail!\" href=\"mailto:info@furnplan.de\">info@furnplan.de<\/a><\/p>\n<p><a href=\"http:\/\/www.furnplan.de\/\"><strong>www.furnplan.de<\/strong><\/a><\/p>\n<p><strong>Management:<\/strong><br \/>\nDipl.-Ing. Reinhard Heuing<br \/>\nWerner Depenbrock<\/p>\n<p>Commercial register: Coesfeld Local Court, HRB 3475<br \/>\nVAT ID no. according to \u00a7 27a UstG: DE192959340<\/p>\n<hr>\n<h2>Disclaimer<\/h2>\n<p><strong>Liability for content<\/strong><\/p>\n<p>The contents of our pages have been created with the greatest care. However, we cannot accept any liability for the accuracy, completeness and up-to-dateness of the content.<\/p>\n<p>As a service provider, we are liable pursuant to \u00a7 7 para.1 TMG is responsible for its own content on these pages according to the general laws. According to \u00a7\u00a7 8 to 10 TMG, however, we as a service provider are not obliged to monitor transmitted or stored third-party information or to investigate circumstances that indicate illegal activity. Obligations to remove or block the use of information in accordance with general laws remain unaffected by this. However, liability in this respect is only possible from the time of knowledge of a specific infringement. As soon as we become aware of such infringements, we will remove this content immediately.<\/p>\n<p><strong>Liability for links<\/strong><\/p>\n<p>Our website contains links to external websites of third parties over whose content we have no influence. Therefore, we cannot accept any liability for this third-party content. The respective provider or operator of the pages is always responsible for the content of the linked pages. The linked pages were checked for possible legal violations at the time of linking. Illegal contents were not recognizable at the time of linking. However, permanent monitoring of the content of the linked pages is not reasonable without concrete evidence of an infringement. If we become aware of any legal infringements, we will remove such links immediately.<\/p>\n<p><strong>Copyright<\/strong><\/p>\n<p>The content and works created by the site operators on these pages are subject to German copyright law. Duplication, processing, distribution and any form of commercialization of such material beyond the scope of the copyright law shall require the prior written consent of its respective author or creator. Downloads and copies of this site are only permitted for private, non-commercial use. Insofar as the content on this site was not created by the operator, the copyrights of third parties are respected. In particular, third-party content is identified as such. Should you nevertheless become aware of a copyright infringement, please inform us accordingly. If we become aware of any infringements, we will remove such content immediately.<\/p>\n<p><strong>Data protection<\/strong><\/p>\n<p>The use of our website is generally possible without providing personal data. Insofar as personal data (e.g. name, address or e-mail addresses) is collected on our website, this is always done on a voluntary basis as far as possible. This data will not be passed on to third parties without your express consent.<\/p>\n<p>We would like to point out that data transmission over the Internet (e.g. when communicating by e-mail) can have security gaps. Complete protection of data against access by third parties is not possible.<\/p>\n<p>We hereby expressly prohibit the use of contact data published within the scope of the imprint obligation by third parties for sending unsolicited advertising and information material. The operators of this website expressly reserve the right to take legal action in the event of the unsolicited sending of advertising information, such as spam e-mails.<\/p>\n<p>This website uses Google Analytics, a web analytics service provided by Google Inc. (&#8220;Google&#8221;) Google Analytics uses &#8220;cookies&#8221;, which are text files placed on your computer, to help the website analyze how users use the site. The information generated by the cookie about your use of the website (including your IP address) will be transmitted to and stored by Google on servers in the United States. Google will use this information for the purpose of evaluating your use of the website, compiling reports on website activity for website operators and providing other services relating to website activity and internet usage. Google may also transfer this information to third parties where required to do so by law, or where such third parties process the information on Google&#8217;s behalf. Google will not associate your IP address with any other data held by Google. You may refuse the use of cookies by selecting the appropriate settings on your browser, however please note that if you do this you may not be able to use the full functionality of this website. By using this website, you consent to the processing of data about you by Google in the manner and for the purposes set out above.<\/p>\n<h5><strong>Source: <\/strong>eRecht24.de &#8211; Internet law by <a href=\"http:\/\/www.e-recht24.de\/\" target=\"_blank\" rel=\"noopener noreferrer\">lawyer<\/a> S\u00f6ren Siebert<\/h5>\n","protected":false},"excerpt":{"rendered":"<p>D+H Software GmbH R\u00f6nacker 2 48619 Heek-Nienborg Germany Phone: +49 (0) 2568\/9320-0 E-mail: info@furnplan.de www.furnplan.de Management: Dipl.-Ing. Reinhard Heuing Werner Depenbrock Commercial register: Coesfeld Local Court, HRB 3475 VAT ID no. according to \u00a7 27a UstG: DE192959340 Disclaimer Liability for content The contents of our pages have been created with the greatest care. However, we [&hellip;]<\/p>\n","protected":false},"author":1,"featured_media":0,"parent":0,"menu_order":0,"comment_status":"closed","ping_status":"closed","template":"","meta":{"_acf_changed":false,"footnotes":""},"class_list":["post-12828","page","type-page","status-publish","hentry"],"acf":[],"yoast_head":"<!-- This site is optimized with the Yoast SEO plugin v27.0 - https:\/\/yoast.com\/product\/yoast-seo-wordpress\/ -->\n<title>Imprint - Innovative 3D-Planungssoftware f\u00fcr die M\u00f6belbranche von furnplan<\/title>\n<meta name=\"robots\" content=\"index, follow, max-snippet:-1, max-image-preview:large, max-video-preview:-1\" \/>\n<link rel=\"canonical\" href=\"https:\/\/dh-software.de\/en\/imprint\/\" \/>\n<meta property=\"og:locale\" content=\"en_US\" \/>\n<meta property=\"og:type\" content=\"article\" \/>\n<meta property=\"og:title\" content=\"Imprint - Innovative 3D-Planungssoftware f\u00fcr die M\u00f6belbranche von furnplan\" \/>\n<meta property=\"og:description\" content=\"D+H Software GmbH R\u00f6nacker 2 48619 Heek-Nienborg Germany Phone: +49 (0) 2568\/9320-0 E-mail: info@furnplan.de www.furnplan.de Management: Dipl.-Ing. Reinhard Heuing Werner Depenbrock Commercial register: Coesfeld Local Court, HRB 3475 VAT ID no. according to \u00a7 27a UstG: DE192959340 Disclaimer Liability for content The contents of our pages have been created with the greatest care. However, we [&hellip;]\" \/>\n<meta property=\"og:url\" content=\"https:\/\/dh-software.de\/en\/imprint\/\" \/>\n<meta property=\"og:site_name\" content=\"Innovative 3D-Planungssoftware f\u00fcr die M\u00f6belbranche von furnplan\" \/>\n<meta property=\"article:modified_time\" content=\"2024-07-09T14:51:13+00:00\" \/>\n<meta name=\"twitter:card\" content=\"summary_large_image\" \/>\n<meta name=\"twitter:label1\" content=\"Est. reading time\" \/>\n\t<meta name=\"twitter:data1\" content=\"4 minutes\" \/>\n<script type=\"application\/ld+json\" class=\"yoast-schema-graph\">{\"@context\":\"https:\/\/schema.org\",\"@graph\":[{\"@type\":\"WebPage\",\"@id\":\"https:\/\/dh-software.de\/en\/imprint\/\",\"url\":\"https:\/\/dh-software.de\/en\/imprint\/\",\"name\":\"Imprint - Innovative 3D-Planungssoftware f\u00fcr die M\u00f6belbranche von furnplan\",\"isPartOf\":{\"@id\":\"https:\/\/dh-software.de\/en\/#website\"},\"datePublished\":\"2024-05-23T13:10:23+00:00\",\"dateModified\":\"2024-07-09T14:51:13+00:00\",\"breadcrumb\":{\"@id\":\"https:\/\/dh-software.de\/en\/imprint\/#breadcrumb\"},\"inLanguage\":\"en-US\",\"potentialAction\":[{\"@type\":\"ReadAction\",\"target\":[\"https:\/\/dh-software.de\/en\/imprint\/\"]}]},{\"@type\":\"BreadcrumbList\",\"@id\":\"https:\/\/dh-software.de\/en\/imprint\/#breadcrumb\",\"itemListElement\":[{\"@type\":\"ListItem\",\"position\":1,\"name\":\"Startseite\",\"item\":\"https:\/\/dh-software.de\/en\/\"},{\"@type\":\"ListItem\",\"position\":2,\"name\":\"Imprint\"}]},{\"@type\":\"WebSite\",\"@id\":\"https:\/\/dh-software.de\/en\/#website\",\"url\":\"https:\/\/dh-software.de\/en\/\",\"name\":\"Innovative 3D-Planungssoftware f\u00fcr die M\u00f6belbranche von furnplan\",\"description\":\"\",\"publisher\":{\"@id\":\"https:\/\/dh-software.de\/en\/#organization\"},\"potentialAction\":[{\"@type\":\"SearchAction\",\"target\":{\"@type\":\"EntryPoint\",\"urlTemplate\":\"https:\/\/dh-software.de\/en\/?s={search_term_string}\"},\"query-input\":{\"@type\":\"PropertyValueSpecification\",\"valueRequired\":true,\"valueName\":\"search_term_string\"}}],\"inLanguage\":\"en-US\"},{\"@type\":\"Organization\",\"@id\":\"https:\/\/dh-software.de\/en\/#organization\",\"name\":\"Innovative 3D-Planungssoftware f\u00fcr die M\u00f6belbranche von furnplan\",\"url\":\"https:\/\/dh-software.de\/en\/\",\"logo\":{\"@type\":\"ImageObject\",\"inLanguage\":\"en-US\",\"@id\":\"https:\/\/dh-software.de\/en\/#\/schema\/logo\/image\/\",\"url\":\"https:\/\/dh-software.de\/wp-content\/uploads\/2023\/05\/logo_DH_RGB.png\",\"contentUrl\":\"https:\/\/dh-software.de\/wp-content\/uploads\/2023\/05\/logo_DH_RGB.png\",\"width\":162,\"height\":90,\"caption\":\"Innovative 3D-Planungssoftware f\u00fcr die M\u00f6belbranche von furnplan\"},\"image\":{\"@id\":\"https:\/\/dh-software.de\/en\/#\/schema\/logo\/image\/\"}}]}<\/script>\n<!-- \/ Yoast SEO plugin. -->","yoast_head_json":{"title":"Imprint - Innovative 3D-Planungssoftware f\u00fcr die M\u00f6belbranche von furnplan","robots":{"index":"index","follow":"follow","max-snippet":"max-snippet:-1","max-image-preview":"max-image-preview:large","max-video-preview":"max-video-preview:-1"},"canonical":"https:\/\/dh-software.de\/en\/imprint\/","og_locale":"en_US","og_type":"article","og_title":"Imprint - Innovative 3D-Planungssoftware f\u00fcr die M\u00f6belbranche von furnplan","og_description":"D+H Software GmbH R\u00f6nacker 2 48619 Heek-Nienborg Germany Phone: +49 (0) 2568\/9320-0 E-mail: info@furnplan.de www.furnplan.de Management: Dipl.-Ing. Reinhard Heuing Werner Depenbrock Commercial register: Coesfeld Local Court, HRB 3475 VAT ID no. according to \u00a7 27a UstG: DE192959340 Disclaimer Liability for content The contents of our pages have been created with the greatest care. However, we [&hellip;]","og_url":"https:\/\/dh-software.de\/en\/imprint\/","og_site_name":"Innovative 3D-Planungssoftware f\u00fcr die M\u00f6belbranche von furnplan","article_modified_time":"2024-07-09T14:51:13+00:00","twitter_card":"summary_large_image","twitter_misc":{"Est. reading time":"4 minutes"},"schema":{"@context":"https:\/\/schema.org","@graph":[{"@type":"WebPage","@id":"https:\/\/dh-software.de\/en\/imprint\/","url":"https:\/\/dh-software.de\/en\/imprint\/","name":"Imprint - Innovative 3D-Planungssoftware f\u00fcr die M\u00f6belbranche von furnplan","isPartOf":{"@id":"https:\/\/dh-software.de\/en\/#website"},"datePublished":"2024-05-23T13:10:23+00:00","dateModified":"2024-07-09T14:51:13+00:00","breadcrumb":{"@id":"https:\/\/dh-software.de\/en\/imprint\/#breadcrumb"},"inLanguage":"en-US","potentialAction":[{"@type":"ReadAction","target":["https:\/\/dh-software.de\/en\/imprint\/"]}]},{"@type":"BreadcrumbList","@id":"https:\/\/dh-software.de\/en\/imprint\/#breadcrumb","itemListElement":[{"@type":"ListItem","position":1,"name":"Startseite","item":"https:\/\/dh-software.de\/en\/"},{"@type":"ListItem","position":2,"name":"Imprint"}]},{"@type":"WebSite","@id":"https:\/\/dh-software.de\/en\/#website","url":"https:\/\/dh-software.de\/en\/","name":"Innovative 3D-Planungssoftware f\u00fcr die M\u00f6belbranche von furnplan","description":"","publisher":{"@id":"https:\/\/dh-software.de\/en\/#organization"},"potentialAction":[{"@type":"SearchAction","target":{"@type":"EntryPoint","urlTemplate":"https:\/\/dh-software.de\/en\/?s={search_term_string}"},"query-input":{"@type":"PropertyValueSpecification","valueRequired":true,"valueName":"search_term_string"}}],"inLanguage":"en-US"},{"@type":"Organization","@id":"https:\/\/dh-software.de\/en\/#organization","name":"Innovative 3D-Planungssoftware f\u00fcr die M\u00f6belbranche von furnplan","url":"https:\/\/dh-software.de\/en\/","logo":{"@type":"ImageObject","inLanguage":"en-US","@id":"https:\/\/dh-software.de\/en\/#\/schema\/logo\/image\/","url":"https:\/\/dh-software.de\/wp-content\/uploads\/2023\/05\/logo_DH_RGB.png","contentUrl":"https:\/\/dh-software.de\/wp-content\/uploads\/2023\/05\/logo_DH_RGB.png","width":162,"height":90,"caption":"Innovative 3D-Planungssoftware f\u00fcr die M\u00f6belbranche von furnplan"},"image":{"@id":"https:\/\/dh-software.de\/en\/#\/schema\/logo\/image\/"}}]}},"_links":{"self":[{"href":"https:\/\/dh-software.de\/en\/wp-json\/wp\/v2\/pages\/12828","targetHints":{"allow":["GET"]}}],"collection":[{"href":"https:\/\/dh-software.de\/en\/wp-json\/wp\/v2\/pages"}],"about":[{"href":"https:\/\/dh-software.de\/en\/wp-json\/wp\/v2\/types\/page"}],"author":[{"embeddable":true,"href":"https:\/\/dh-software.de\/en\/wp-json\/wp\/v2\/users\/1"}],"replies":[{"embeddable":true,"href":"https:\/\/dh-software.de\/en\/wp-json\/wp\/v2\/comments?post=12828"}],"version-history":[{"count":1,"href":"https:\/\/dh-software.de\/en\/wp-json\/wp\/v2\/pages\/12828\/revisions"}],"predecessor-version":[{"id":13731,"href":"https:\/\/dh-software.de\/en\/wp-json\/wp\/v2\/pages\/12828\/revisions\/13731"}],"wp:attachment":[{"href":"https:\/\/dh-software.de\/en\/wp-json\/wp\/v2\/media?parent=12828"}],"curies":[{"name":"wp","href":"https:\/\/api.w.org\/{rel}","templated":true}]}}