{"id":14409,"date":"2024-06-28T11:51:59","date_gmt":"2024-06-28T09:51:59","guid":{"rendered":"https:\/\/dh-software.de\/pagina-de-agradecimiento\/"},"modified":"2025-02-05T08:04:24","modified_gmt":"2025-02-05T07:04:24","slug":"pagina-de-agradecimiento","status":"publish","type":"page","link":"https:\/\/dh-software.de\/es\/pagina-de-agradecimiento\/","title":{"rendered":"P\u00e1gina de agradecimiento"},"content":{"rendered":"\t\t<div data-elementor-type=\"wp-page\" data-elementor-id=\"14409\" class=\"elementor elementor-14409 elementor-12149\" data-elementor-post-type=\"page\">\n\t\t\t\t<div class=\"elementor-element elementor-element-113033c pad-l e-flex e-con-boxed e-con e-parent\" data-id=\"113033c\" data-element_type=\"container\" data-e-type=\"container\" data-settings=\"{&quot;background_background&quot;:&quot;classic&quot;}\">\n\t\t\t\t\t<div class=\"e-con-inner\">\n\t\t<div class=\"elementor-element elementor-element-1ab7d02 e-con-full e-flex e-con e-child\" data-id=\"1ab7d02\" data-element_type=\"container\" data-e-type=\"container\">\n\t\t<div class=\"elementor-element elementor-element-a088fb5 e-flex e-con-boxed e-con e-child\" data-id=\"a088fb5\" data-element_type=\"container\" data-e-type=\"container\">\n\t\t\t\t\t<div class=\"e-con-inner\">\n\t\t\t\t<div class=\"elementor-element elementor-element-a249543 elementor-widget elementor-widget-heading\" data-id=\"a249543\" data-element_type=\"widget\" data-e-type=\"widget\" data-widget_type=\"heading.default\">\n\t\t\t\t<div class=\"elementor-widget-container\">\n\t\t\t\t\t<h2 class=\"elementor-heading-title elementor-size-default\">Hemos recibido tu correo electr\u00f3nico.<\/h2>\t\t\t\t<\/div>\n\t\t\t\t<\/div>\n\t\t\t\t\t<\/div>\n\t\t\t\t<\/div>\n\t\t\t\t<div class=\"elementor-element elementor-element-02ea700 elementor-widget elementor-widget-text-editor\" data-id=\"02ea700\" data-element_type=\"widget\" data-e-type=\"widget\" data-widget_type=\"text-editor.default\">\n\t\t\t\t<div class=\"elementor-widget-container\">\n\t\t\t\t\t\t\t\t\t<p>Gracias por tu correo electr\u00f3nico. Los hemos recibido y nos pondremos en contacto contigo lo antes posible.<\/p>\n\t\t\t\t\t\t\t\t<\/div>\n\t\t\t\t<\/div>\n\t\t\t\t<div class=\"elementor-element elementor-element-f852305 elementor-widget elementor-widget-button\" data-id=\"f852305\" data-element_type=\"widget\" data-e-type=\"widget\" data-widget_type=\"button.default\">\n\t\t\t\t<div class=\"elementor-widget-container\">\n\t\t\t\t\t\t\t\t\t<div class=\"elementor-button-wrapper\">\n\t\t\t\t\t<a class=\"elementor-button elementor-button-link elementor-size-sm\" href=\"https:\/\/dh-software.de\/es\/\">\n\t\t\t\t\t\t<span class=\"elementor-button-content-wrapper\">\n\t\t\t\t\t\t\t\t\t<span class=\"elementor-button-text\">Volver a la p\u00e1gina de inicio<\/span>\n\t\t\t\t\t<\/span>\n\t\t\t\t\t<\/a>\n\t\t\t\t<\/div>\n\t\t\t\t\t\t\t\t<\/div>\n\t\t\t\t<\/div>\n\t\t\t\t<\/div>\n\t\t\t\t\t<\/div>\n\t\t\t\t<\/div>\n\t\t\t\t<\/div>\n\t\t","protected":false},"excerpt":{"rendered":"<p>Hemos recibido tu correo electr\u00f3nico. Gracias por tu correo electr\u00f3nico. Los hemos recibido y nos pondremos en contacto contigo lo antes posible. Volver a la p\u00e1gina de inicio<\/p>\n","protected":false},"author":1,"featured_media":0,"parent":0,"menu_order":0,"comment_status":"closed","ping_status":"closed","template":"","meta":{"_acf_changed":false,"footnotes":""},"class_list":["post-14409","page","type-page","status-publish","hentry"],"acf":[],"yoast_head":"<!-- This site is optimized with the Yoast SEO plugin v27.0 - https:\/\/yoast.com\/product\/yoast-seo-wordpress\/ -->\n<title>P\u00e1gina de agradecimiento - Innovative 3D-Planungssoftware f\u00fcr die M\u00f6belbranche von furnplan<\/title>\n<meta name=\"robots\" content=\"index, follow, max-snippet:-1, max-image-preview:large, max-video-preview:-1\" \/>\n<link rel=\"canonical\" href=\"https:\/\/dh-software.de\/es\/pagina-de-agradecimiento\/\" \/>\n<meta property=\"og:locale\" content=\"es_ES\" \/>\n<meta property=\"og:type\" content=\"article\" \/>\n<meta property=\"og:title\" content=\"P\u00e1gina de agradecimiento - Innovative 3D-Planungssoftware f\u00fcr die M\u00f6belbranche von furnplan\" \/>\n<meta property=\"og:description\" content=\"Hemos recibido tu correo electr\u00f3nico. Gracias por tu correo electr\u00f3nico. Los hemos recibido y nos pondremos en contacto contigo lo antes posible. Volver a la p\u00e1gina de inicio\" \/>\n<meta property=\"og:url\" content=\"https:\/\/dh-software.de\/es\/pagina-de-agradecimiento\/\" \/>\n<meta property=\"og:site_name\" content=\"Innovative 3D-Planungssoftware f\u00fcr die M\u00f6belbranche von furnplan\" \/>\n<meta property=\"article:modified_time\" content=\"2025-02-05T07:04:24+00:00\" \/>\n<meta name=\"twitter:card\" content=\"summary_large_image\" \/>\n<script type=\"application\/ld+json\" class=\"yoast-schema-graph\">{\"@context\":\"https:\/\/schema.org\",\"@graph\":[{\"@type\":\"WebPage\",\"@id\":\"https:\/\/dh-software.de\/es\/pagina-de-agradecimiento\/\",\"url\":\"https:\/\/dh-software.de\/es\/pagina-de-agradecimiento\/\",\"name\":\"P\u00e1gina de agradecimiento - Innovative 3D-Planungssoftware f\u00fcr die M\u00f6belbranche von furnplan\",\"isPartOf\":{\"@id\":\"https:\/\/dh-software.de\/es\/#website\"},\"datePublished\":\"2024-06-28T09:51:59+00:00\",\"dateModified\":\"2025-02-05T07:04:24+00:00\",\"breadcrumb\":{\"@id\":\"https:\/\/dh-software.de\/es\/pagina-de-agradecimiento\/#breadcrumb\"},\"inLanguage\":\"es\",\"potentialAction\":[{\"@type\":\"ReadAction\",\"target\":[\"https:\/\/dh-software.de\/es\/pagina-de-agradecimiento\/\"]}]},{\"@type\":\"BreadcrumbList\",\"@id\":\"https:\/\/dh-software.de\/es\/pagina-de-agradecimiento\/#breadcrumb\",\"itemListElement\":[{\"@type\":\"ListItem\",\"position\":1,\"name\":\"Startseite\",\"item\":\"https:\/\/dh-software.de\/es\/\"},{\"@type\":\"ListItem\",\"position\":2,\"name\":\"P\u00e1gina de agradecimiento\"}]},{\"@type\":\"WebSite\",\"@id\":\"https:\/\/dh-software.de\/es\/#website\",\"url\":\"https:\/\/dh-software.de\/es\/\",\"name\":\"Innovative 3D-Planungssoftware f\u00fcr die M\u00f6belbranche von furnplan\",\"description\":\"\",\"publisher\":{\"@id\":\"https:\/\/dh-software.de\/es\/#organization\"},\"potentialAction\":[{\"@type\":\"SearchAction\",\"target\":{\"@type\":\"EntryPoint\",\"urlTemplate\":\"https:\/\/dh-software.de\/es\/?s={search_term_string}\"},\"query-input\":{\"@type\":\"PropertyValueSpecification\",\"valueRequired\":true,\"valueName\":\"search_term_string\"}}],\"inLanguage\":\"es\"},{\"@type\":\"Organization\",\"@id\":\"https:\/\/dh-software.de\/es\/#organization\",\"name\":\"Innovative 3D-Planungssoftware f\u00fcr die M\u00f6belbranche von furnplan\",\"url\":\"https:\/\/dh-software.de\/es\/\",\"logo\":{\"@type\":\"ImageObject\",\"inLanguage\":\"es\",\"@id\":\"https:\/\/dh-software.de\/es\/#\/schema\/logo\/image\/\",\"url\":\"https:\/\/dh-software.de\/wp-content\/uploads\/2023\/05\/logo_DH_RGB.png\",\"contentUrl\":\"https:\/\/dh-software.de\/wp-content\/uploads\/2023\/05\/logo_DH_RGB.png\",\"width\":162,\"height\":90,\"caption\":\"Innovative 3D-Planungssoftware f\u00fcr die M\u00f6belbranche von furnplan\"},\"image\":{\"@id\":\"https:\/\/dh-software.de\/es\/#\/schema\/logo\/image\/\"}}]}<\/script>\n<!-- \/ Yoast SEO plugin. -->","yoast_head_json":{"title":"P\u00e1gina de agradecimiento - Innovative 3D-Planungssoftware f\u00fcr die M\u00f6belbranche von furnplan","robots":{"index":"index","follow":"follow","max-snippet":"max-snippet:-1","max-image-preview":"max-image-preview:large","max-video-preview":"max-video-preview:-1"},"canonical":"https:\/\/dh-software.de\/es\/pagina-de-agradecimiento\/","og_locale":"es_ES","og_type":"article","og_title":"P\u00e1gina de agradecimiento - Innovative 3D-Planungssoftware f\u00fcr die M\u00f6belbranche von furnplan","og_description":"Hemos recibido tu correo electr\u00f3nico. Gracias por tu correo electr\u00f3nico. Los hemos recibido y nos pondremos en contacto contigo lo antes posible. Volver a la p\u00e1gina de inicio","og_url":"https:\/\/dh-software.de\/es\/pagina-de-agradecimiento\/","og_site_name":"Innovative 3D-Planungssoftware f\u00fcr die M\u00f6belbranche von furnplan","article_modified_time":"2025-02-05T07:04:24+00:00","twitter_card":"summary_large_image","schema":{"@context":"https:\/\/schema.org","@graph":[{"@type":"WebPage","@id":"https:\/\/dh-software.de\/es\/pagina-de-agradecimiento\/","url":"https:\/\/dh-software.de\/es\/pagina-de-agradecimiento\/","name":"P\u00e1gina de agradecimiento - Innovative 3D-Planungssoftware f\u00fcr die M\u00f6belbranche von furnplan","isPartOf":{"@id":"https:\/\/dh-software.de\/es\/#website"},"datePublished":"2024-06-28T09:51:59+00:00","dateModified":"2025-02-05T07:04:24+00:00","breadcrumb":{"@id":"https:\/\/dh-software.de\/es\/pagina-de-agradecimiento\/#breadcrumb"},"inLanguage":"es","potentialAction":[{"@type":"ReadAction","target":["https:\/\/dh-software.de\/es\/pagina-de-agradecimiento\/"]}]},{"@type":"BreadcrumbList","@id":"https:\/\/dh-software.de\/es\/pagina-de-agradecimiento\/#breadcrumb","itemListElement":[{"@type":"ListItem","position":1,"name":"Startseite","item":"https:\/\/dh-software.de\/es\/"},{"@type":"ListItem","position":2,"name":"P\u00e1gina de agradecimiento"}]},{"@type":"WebSite","@id":"https:\/\/dh-software.de\/es\/#website","url":"https:\/\/dh-software.de\/es\/","name":"Innovative 3D-Planungssoftware f\u00fcr die M\u00f6belbranche von furnplan","description":"","publisher":{"@id":"https:\/\/dh-software.de\/es\/#organization"},"potentialAction":[{"@type":"SearchAction","target":{"@type":"EntryPoint","urlTemplate":"https:\/\/dh-software.de\/es\/?s={search_term_string}"},"query-input":{"@type":"PropertyValueSpecification","valueRequired":true,"valueName":"search_term_string"}}],"inLanguage":"es"},{"@type":"Organization","@id":"https:\/\/dh-software.de\/es\/#organization","name":"Innovative 3D-Planungssoftware f\u00fcr die M\u00f6belbranche von furnplan","url":"https:\/\/dh-software.de\/es\/","logo":{"@type":"ImageObject","inLanguage":"es","@id":"https:\/\/dh-software.de\/es\/#\/schema\/logo\/image\/","url":"https:\/\/dh-software.de\/wp-content\/uploads\/2023\/05\/logo_DH_RGB.png","contentUrl":"https:\/\/dh-software.de\/wp-content\/uploads\/2023\/05\/logo_DH_RGB.png","width":162,"height":90,"caption":"Innovative 3D-Planungssoftware f\u00fcr die M\u00f6belbranche von furnplan"},"image":{"@id":"https:\/\/dh-software.de\/es\/#\/schema\/logo\/image\/"}}]}},"_links":{"self":[{"href":"https:\/\/dh-software.de\/es\/wp-json\/wp\/v2\/pages\/14409","targetHints":{"allow":["GET"]}}],"collection":[{"href":"https:\/\/dh-software.de\/es\/wp-json\/wp\/v2\/pages"}],"about":[{"href":"https:\/\/dh-software.de\/es\/wp-json\/wp\/v2\/types\/page"}],"author":[{"embeddable":true,"href":"https:\/\/dh-software.de\/es\/wp-json\/wp\/v2\/users\/1"}],"replies":[{"embeddable":true,"href":"https:\/\/dh-software.de\/es\/wp-json\/wp\/v2\/comments?post=14409"}],"version-history":[{"count":4,"href":"https:\/\/dh-software.de\/es\/wp-json\/wp\/v2\/pages\/14409\/revisions"}],"predecessor-version":[{"id":16572,"href":"https:\/\/dh-software.de\/es\/wp-json\/wp\/v2\/pages\/14409\/revisions\/16572"}],"wp:attachment":[{"href":"https:\/\/dh-software.de\/es\/wp-json\/wp\/v2\/media?parent=14409"}],"curies":[{"name":"wp","href":"https:\/\/api.w.org\/{rel}","templated":true}]}}