{"id":14410,"date":"2024-05-23T15:10:23","date_gmt":"2024-05-23T13:10:23","guid":{"rendered":"https:\/\/dh-software.de\/pie-de-imprenta\/"},"modified":"2024-05-23T15:10:23","modified_gmt":"2024-05-23T13:10:23","slug":"pie-de-imprenta","status":"publish","type":"page","link":"https:\/\/dh-software.de\/es\/pie-de-imprenta\/","title":{"rendered":"Pie de imprenta"},"content":{"rendered":"<h3>D+H Software GmbH<\/h3>\n<p>R\u00f6nacker 2<br \/>\n48619 Heek-Nienborg<br \/>\nAlemania<\/p>\n<p>Tel\u00e9fono: +49 (0) 2568\/9320-0<br \/>\nCorreo electr\u00f3nico: <a title=\"\u00a1Env\u00edanos un e-mail!\" href=\"mailto:info@furnplan.de\">info@furnplan.de<\/a><\/p>\n<p><a href=\"http:\/\/www.furnplan.de\/\"><strong>www.furnplan.de<\/strong><\/a><\/p>\n<p><strong>Gesti\u00f3n:<\/strong><br \/>\nIngeniero Reinhard Heuing<br \/>\nWerner Depenbrock<\/p>\n<p>Registro mercantil: Juzgado de Primera Instancia de Coesfeld, HRB 3475<br \/>\nN\u00famero de IVA seg\u00fan \u00a7 27a UstG: DE192959340<\/p>\n<hr>\n<h2>Descargo de responsabilidad<\/h2>\n<p><strong>Responsabilidad por el contenido<\/strong><\/p>\n<p>El contenido de nuestras p\u00e1ginas se ha creado con el mayor cuidado. Sin embargo, no podemos asumir ninguna responsabilidad por la exactitud, integridad y actualidad de los contenidos.<\/p>\n<p>Como proveedor de servicios, estamos obligados seg\u00fan \u00a7 7 p\u00e1rrafo 1 TMG es responsable de su propio contenido en estas p\u00e1ginas de acuerdo con las leyes generales. Sin embargo, seg\u00fan los \u00a7\u00a7 8 a 10 de la TMG, como proveedor de servicios no estamos obligados a controlar la informaci\u00f3n de terceros transmitida o almacenada, ni a investigar circunstancias que indiquen una actividad ilegal. Esto no afecta a las obligaciones de eliminar o bloquear el uso de informaci\u00f3n de acuerdo con la legislaci\u00f3n general. Sin embargo, la responsabilidad a este respecto s\u00f3lo es posible a partir del momento en que se tiene conocimiento de una infracci\u00f3n concreta. Tan pronto como tengamos conocimiento de tales infracciones, eliminaremos este contenido inmediatamente.<\/p>\n<p><strong>Responsabilidad de los enlaces<\/strong><\/p>\n<p>Nuestro sitio web contiene enlaces a sitios web externos de terceros sobre cuyo contenido no tenemos ninguna influencia. Por lo tanto, no podemos aceptar ninguna responsabilidad por este contenido de terceros. El respectivo proveedor u operador de las p\u00e1ginas es siempre responsable del contenido de las p\u00e1ginas enlazadas. Las p\u00e1ginas enlazadas se comprobaron para detectar posibles infracciones legales en el momento de enlazarlas. Los contenidos ilegales no eran reconocibles en el momento del enlace. Sin embargo, la vigilancia permanente del contenido de las p\u00e1ginas enlazadas no es razonable sin pruebas concretas de una infracci\u00f3n. Si tenemos conocimiento de alguna infracci\u00f3n legal, eliminaremos dichos enlaces inmediatamente.<\/p>\n<p><strong>Derechos de autor<\/strong><\/p>\n<p>El contenido y las obras creadas por los operadores del sitio en estas p\u00e1ginas est\u00e1n sujetos a la legislaci\u00f3n alemana sobre derechos de autor. La reproducci\u00f3n, edici\u00f3n, distribuci\u00f3n y cualquier tipo de utilizaci\u00f3n fuera de los l\u00edmites de la ley de derechos de autor requieren el consentimiento por escrito del autor o creador respectivo. Las descargas y copias de este sitio s\u00f3lo est\u00e1n permitidas para uso privado y no comercial. En la medida en que el contenido de este sitio no haya sido creado por el operador, se respetan los derechos de autor de terceros. En particular, los contenidos de terceros se etiquetan como tales. Si, a pesar de todo, tuvieras conocimiento de una infracci\u00f3n de los derechos de autor, te rogamos que nos lo comuniques. Si tenemos conocimiento de alguna infracci\u00f3n legal, eliminaremos dicho contenido inmediatamente.<\/p>\n<p><strong>Protecci\u00f3n de datos<\/strong><\/p>\n<p>En general, es posible utilizar nuestro sitio web sin proporcionar datos personales. En la medida en que se recojan datos personales (por ejemplo, nombre, direcci\u00f3n o direcciones de correo electr\u00f3nico) en nuestro sitio web, siempre se har\u00e1 de forma voluntaria en la medida de lo posible. Estos datos no se transmitir\u00e1n a terceros sin tu consentimiento expreso.<\/p>\n<p>Nos gustar\u00eda se\u00f1alar que la transmisi\u00f3n de datos a trav\u00e9s de Internet (por ejemplo, al comunicarse por correo electr\u00f3nico) puede tener lagunas de seguridad. No es posible una protecci\u00f3n completa de los datos contra el acceso de terceros.<\/p>\n<p>Por la presente, prohibimos expresamente el uso de los datos de contacto publicados en el \u00e1mbito de la obligaci\u00f3n del pie de imprenta por parte de terceros para el env\u00edo de publicidad y material informativo no solicitados. Los operadores de este sitio web se reservan expresamente el derecho a emprender acciones legales en caso de env\u00edo no solicitado de informaci\u00f3n publicitaria, como correos electr\u00f3nicos basura.<\/p>\n<p>Este sitio web utiliza Google Analytics, un servicio anal\u00edtico de web prestado por Google Inc. (\u00abGoogle\u00bb) Google Analytics utiliza \u00abcookies\u00bb, que son archivos de texto ubicados en tu ordenador, para ayudar al sitio web a analizar c\u00f3mo lo utilizan los usuarios. La informaci\u00f3n que genera la cookie acerca de tu uso del sitio web (incluyendo tu direcci\u00f3n IP) ser\u00e1 directamente transmitida y archivada por Google en los servidores de Estados Unidos. Google usar\u00e1 esta informaci\u00f3n con el prop\u00f3sito de evaluar tu uso del sitio web, recopilando informes de la actividad del sitio web para los operadores del mismo y prestando otros servicios relacionados con la actividad del sitio web y el uso de Internet. Google podr\u00e1 transmitir dicha informaci\u00f3n a terceros cuando as\u00ed se lo requiera la legislaci\u00f3n, o cuando dichos terceros procesen la informaci\u00f3n por cuenta de Google. Google no asociar\u00e1 tu direcci\u00f3n IP con ning\u00fan otro dato del que disponga Google. Puedes rechazar el uso de cookies seleccionando la configuraci\u00f3n adecuada en tu navegador, pero ten en cuenta que si lo haces es posible que no puedas utilizar todas las funciones de este sitio web. Al utilizar este sitio web, consientes el tratamiento de informaci\u00f3n acerca de ti por Google en la forma y para los fines arriba indicados.<\/p>\n<h5><strong>Fuente: <\/strong>eRecht24.de &#8211; Derecho de Internet por el <a href=\"http:\/\/www.e-recht24.de\/\" target=\"_blank\" rel=\"noopener noreferrer\">abogado<\/a> S\u00f6ren Siebert<\/h5>\n","protected":false},"excerpt":{"rendered":"<p>D+H Software GmbH R\u00f6nacker 2 48619 Heek-Nienborg Alemania Tel\u00e9fono: +49 (0) 2568\/9320-0 Correo electr\u00f3nico: info@furnplan.de www.furnplan.de Gesti\u00f3n: Ingeniero Reinhard Heuing Werner Depenbrock Registro mercantil: Juzgado de Primera Instancia de Coesfeld, HRB 3475 N\u00famero de IVA seg\u00fan \u00a7 27a UstG: DE192959340 Descargo de responsabilidad Responsabilidad por el contenido El contenido de nuestras p\u00e1ginas se ha creado [&hellip;]<\/p>\n","protected":false},"author":1,"featured_media":0,"parent":0,"menu_order":0,"comment_status":"closed","ping_status":"closed","template":"","meta":{"_acf_changed":false,"footnotes":""},"class_list":["post-14410","page","type-page","status-publish","hentry"],"acf":[],"yoast_head":"<!-- This site is optimized with the Yoast SEO plugin v27.0 - https:\/\/yoast.com\/product\/yoast-seo-wordpress\/ -->\n<title>Pie de imprenta - Innovative 3D-Planungssoftware f\u00fcr die M\u00f6belbranche von furnplan<\/title>\n<meta name=\"robots\" content=\"index, follow, max-snippet:-1, max-image-preview:large, max-video-preview:-1\" \/>\n<link rel=\"canonical\" href=\"https:\/\/dh-software.de\/es\/pie-de-imprenta\/\" \/>\n<meta property=\"og:locale\" content=\"es_ES\" \/>\n<meta property=\"og:type\" content=\"article\" \/>\n<meta property=\"og:title\" content=\"Pie de imprenta - Innovative 3D-Planungssoftware f\u00fcr die M\u00f6belbranche von furnplan\" \/>\n<meta property=\"og:description\" content=\"D+H Software GmbH R\u00f6nacker 2 48619 Heek-Nienborg Alemania Tel\u00e9fono: +49 (0) 2568\/9320-0 Correo electr\u00f3nico: info@furnplan.de www.furnplan.de Gesti\u00f3n: Ingeniero Reinhard Heuing Werner Depenbrock Registro mercantil: Juzgado de Primera Instancia de Coesfeld, HRB 3475 N\u00famero de IVA seg\u00fan \u00a7 27a UstG: DE192959340 Descargo de responsabilidad Responsabilidad por el contenido El contenido de nuestras p\u00e1ginas se ha creado [&hellip;]\" \/>\n<meta property=\"og:url\" content=\"https:\/\/dh-software.de\/es\/pie-de-imprenta\/\" \/>\n<meta property=\"og:site_name\" content=\"Innovative 3D-Planungssoftware f\u00fcr die M\u00f6belbranche von furnplan\" \/>\n<meta name=\"twitter:card\" content=\"summary_large_image\" \/>\n<meta name=\"twitter:label1\" content=\"Tiempo de lectura\" \/>\n\t<meta name=\"twitter:data1\" content=\"4 minuto\" \/>\n<script type=\"application\/ld+json\" class=\"yoast-schema-graph\">{\"@context\":\"https:\/\/schema.org\",\"@graph\":[{\"@type\":\"WebPage\",\"@id\":\"https:\/\/dh-software.de\/es\/pie-de-imprenta\/\",\"url\":\"https:\/\/dh-software.de\/es\/pie-de-imprenta\/\",\"name\":\"Pie de imprenta - Innovative 3D-Planungssoftware f\u00fcr die M\u00f6belbranche von furnplan\",\"isPartOf\":{\"@id\":\"https:\/\/dh-software.de\/es\/#website\"},\"datePublished\":\"2024-05-23T13:10:23+00:00\",\"breadcrumb\":{\"@id\":\"https:\/\/dh-software.de\/es\/pie-de-imprenta\/#breadcrumb\"},\"inLanguage\":\"es\",\"potentialAction\":[{\"@type\":\"ReadAction\",\"target\":[\"https:\/\/dh-software.de\/es\/pie-de-imprenta\/\"]}]},{\"@type\":\"BreadcrumbList\",\"@id\":\"https:\/\/dh-software.de\/es\/pie-de-imprenta\/#breadcrumb\",\"itemListElement\":[{\"@type\":\"ListItem\",\"position\":1,\"name\":\"Startseite\",\"item\":\"https:\/\/dh-software.de\/es\/\"},{\"@type\":\"ListItem\",\"position\":2,\"name\":\"Pie de imprenta\"}]},{\"@type\":\"WebSite\",\"@id\":\"https:\/\/dh-software.de\/es\/#website\",\"url\":\"https:\/\/dh-software.de\/es\/\",\"name\":\"Innovative 3D-Planungssoftware f\u00fcr die M\u00f6belbranche von furnplan\",\"description\":\"\",\"publisher\":{\"@id\":\"https:\/\/dh-software.de\/es\/#organization\"},\"potentialAction\":[{\"@type\":\"SearchAction\",\"target\":{\"@type\":\"EntryPoint\",\"urlTemplate\":\"https:\/\/dh-software.de\/es\/?s={search_term_string}\"},\"query-input\":{\"@type\":\"PropertyValueSpecification\",\"valueRequired\":true,\"valueName\":\"search_term_string\"}}],\"inLanguage\":\"es\"},{\"@type\":\"Organization\",\"@id\":\"https:\/\/dh-software.de\/es\/#organization\",\"name\":\"Innovative 3D-Planungssoftware f\u00fcr die M\u00f6belbranche von furnplan\",\"url\":\"https:\/\/dh-software.de\/es\/\",\"logo\":{\"@type\":\"ImageObject\",\"inLanguage\":\"es\",\"@id\":\"https:\/\/dh-software.de\/es\/#\/schema\/logo\/image\/\",\"url\":\"https:\/\/dh-software.de\/wp-content\/uploads\/2023\/05\/logo_DH_RGB.png\",\"contentUrl\":\"https:\/\/dh-software.de\/wp-content\/uploads\/2023\/05\/logo_DH_RGB.png\",\"width\":162,\"height\":90,\"caption\":\"Innovative 3D-Planungssoftware f\u00fcr die M\u00f6belbranche von furnplan\"},\"image\":{\"@id\":\"https:\/\/dh-software.de\/es\/#\/schema\/logo\/image\/\"}}]}<\/script>\n<!-- \/ Yoast SEO plugin. -->","yoast_head_json":{"title":"Pie de imprenta - Innovative 3D-Planungssoftware f\u00fcr die M\u00f6belbranche von furnplan","robots":{"index":"index","follow":"follow","max-snippet":"max-snippet:-1","max-image-preview":"max-image-preview:large","max-video-preview":"max-video-preview:-1"},"canonical":"https:\/\/dh-software.de\/es\/pie-de-imprenta\/","og_locale":"es_ES","og_type":"article","og_title":"Pie de imprenta - Innovative 3D-Planungssoftware f\u00fcr die M\u00f6belbranche von furnplan","og_description":"D+H Software GmbH R\u00f6nacker 2 48619 Heek-Nienborg Alemania Tel\u00e9fono: +49 (0) 2568\/9320-0 Correo electr\u00f3nico: info@furnplan.de www.furnplan.de Gesti\u00f3n: Ingeniero Reinhard Heuing Werner Depenbrock Registro mercantil: Juzgado de Primera Instancia de Coesfeld, HRB 3475 N\u00famero de IVA seg\u00fan \u00a7 27a UstG: DE192959340 Descargo de responsabilidad Responsabilidad por el contenido El contenido de nuestras p\u00e1ginas se ha creado [&hellip;]","og_url":"https:\/\/dh-software.de\/es\/pie-de-imprenta\/","og_site_name":"Innovative 3D-Planungssoftware f\u00fcr die M\u00f6belbranche von furnplan","twitter_card":"summary_large_image","twitter_misc":{"Tiempo de lectura":"4 minuto"},"schema":{"@context":"https:\/\/schema.org","@graph":[{"@type":"WebPage","@id":"https:\/\/dh-software.de\/es\/pie-de-imprenta\/","url":"https:\/\/dh-software.de\/es\/pie-de-imprenta\/","name":"Pie de imprenta - Innovative 3D-Planungssoftware f\u00fcr die M\u00f6belbranche von furnplan","isPartOf":{"@id":"https:\/\/dh-software.de\/es\/#website"},"datePublished":"2024-05-23T13:10:23+00:00","breadcrumb":{"@id":"https:\/\/dh-software.de\/es\/pie-de-imprenta\/#breadcrumb"},"inLanguage":"es","potentialAction":[{"@type":"ReadAction","target":["https:\/\/dh-software.de\/es\/pie-de-imprenta\/"]}]},{"@type":"BreadcrumbList","@id":"https:\/\/dh-software.de\/es\/pie-de-imprenta\/#breadcrumb","itemListElement":[{"@type":"ListItem","position":1,"name":"Startseite","item":"https:\/\/dh-software.de\/es\/"},{"@type":"ListItem","position":2,"name":"Pie de imprenta"}]},{"@type":"WebSite","@id":"https:\/\/dh-software.de\/es\/#website","url":"https:\/\/dh-software.de\/es\/","name":"Innovative 3D-Planungssoftware f\u00fcr die M\u00f6belbranche von furnplan","description":"","publisher":{"@id":"https:\/\/dh-software.de\/es\/#organization"},"potentialAction":[{"@type":"SearchAction","target":{"@type":"EntryPoint","urlTemplate":"https:\/\/dh-software.de\/es\/?s={search_term_string}"},"query-input":{"@type":"PropertyValueSpecification","valueRequired":true,"valueName":"search_term_string"}}],"inLanguage":"es"},{"@type":"Organization","@id":"https:\/\/dh-software.de\/es\/#organization","name":"Innovative 3D-Planungssoftware f\u00fcr die M\u00f6belbranche von furnplan","url":"https:\/\/dh-software.de\/es\/","logo":{"@type":"ImageObject","inLanguage":"es","@id":"https:\/\/dh-software.de\/es\/#\/schema\/logo\/image\/","url":"https:\/\/dh-software.de\/wp-content\/uploads\/2023\/05\/logo_DH_RGB.png","contentUrl":"https:\/\/dh-software.de\/wp-content\/uploads\/2023\/05\/logo_DH_RGB.png","width":162,"height":90,"caption":"Innovative 3D-Planungssoftware f\u00fcr die M\u00f6belbranche von furnplan"},"image":{"@id":"https:\/\/dh-software.de\/es\/#\/schema\/logo\/image\/"}}]}},"_links":{"self":[{"href":"https:\/\/dh-software.de\/es\/wp-json\/wp\/v2\/pages\/14410","targetHints":{"allow":["GET"]}}],"collection":[{"href":"https:\/\/dh-software.de\/es\/wp-json\/wp\/v2\/pages"}],"about":[{"href":"https:\/\/dh-software.de\/es\/wp-json\/wp\/v2\/types\/page"}],"author":[{"embeddable":true,"href":"https:\/\/dh-software.de\/es\/wp-json\/wp\/v2\/users\/1"}],"replies":[{"embeddable":true,"href":"https:\/\/dh-software.de\/es\/wp-json\/wp\/v2\/comments?post=14410"}],"version-history":[{"count":0,"href":"https:\/\/dh-software.de\/es\/wp-json\/wp\/v2\/pages\/14410\/revisions"}],"wp:attachment":[{"href":"https:\/\/dh-software.de\/es\/wp-json\/wp\/v2\/media?parent=14410"}],"curies":[{"name":"wp","href":"https:\/\/api.w.org\/{rel}","templated":true}]}}