{"id":14413,"date":"2024-06-27T10:04:02","date_gmt":"2024-06-27T08:04:02","guid":{"rendered":"https:\/\/dh-software.de\/en-la-lista-de-fabricantes-figuran\/"},"modified":"2026-02-06T08:07:13","modified_gmt":"2026-02-06T07:07:13","slug":"en-la-lista-de-fabricantes-figuran","status":"publish","type":"page","link":"https:\/\/dh-software.de\/es\/en-la-lista-de-fabricantes-figuran\/","title":{"rendered":"En la lista de fabricantes figuran"},"content":{"rendered":"\t\t<div data-elementor-type=\"wp-page\" data-elementor-id=\"14413\" class=\"elementor elementor-14413 elementor-11761\" data-elementor-post-type=\"page\">\n\t\t\t\t<div class=\"elementor-element elementor-element-113033c pad-l e-flex e-con-boxed e-con e-parent\" data-id=\"113033c\" data-element_type=\"container\" data-e-type=\"container\" data-settings=\"{&quot;background_background&quot;:&quot;classic&quot;}\">\n\t\t\t\t\t<div class=\"e-con-inner\">\n\t\t<div class=\"elementor-element elementor-element-1ab7d02 e-con-full e-flex e-con e-child\" data-id=\"1ab7d02\" data-element_type=\"container\" data-e-type=\"container\">\n\t\t\t\t<div class=\"elementor-element elementor-element-a249543 elementor-widget elementor-widget-heading\" data-id=\"a249543\" data-element_type=\"widget\" data-e-type=\"widget\" data-widget_type=\"heading.default\">\n\t\t\t\t<div class=\"elementor-widget-container\">\n\t\t\t\t\t<h2 class=\"elementor-heading-title elementor-size-default\">Inscr\u00edbete ya como fabricante<\/h2>\t\t\t\t<\/div>\n\t\t\t\t<\/div>\n\t\t\t\t<div class=\"elementor-element elementor-element-02ea700 elementor-widget elementor-widget-text-editor\" data-id=\"02ea700\" data-element_type=\"widget\" data-e-type=\"widget\" data-widget_type=\"text-editor.default\">\n\t\t\t\t<div class=\"elementor-widget-container\">\n\t\t\t\t\t\t\t\t\t<p>Para crear tus productos, necesitamos toda la informaci\u00f3n relevante que tengas:<\/p>\n<ul>\n<li>Listas de tipos y precios<\/li>\n<li>Texturas para la visualizaci\u00f3n de superficies<\/li>\n<li>Datos maestros en formato electr\u00f3nico (XLS, CSV, XML, JSON)<\/li>\n<li>Datos CAD en 2D o 3D (OBJ, DWG, DXF, FBX, STEP, STL, GLB, SKP)<\/li>\n<\/ul>\n<p>Si a\u00fan no dispone de datos CAD, necesitamos fotos con dimensiones.<\/p>\n<p>Con esta informaci\u00f3n, podemos preparar un presupuesto gratuito y sin compromiso de los costes que conlleva. Para ello bastar\u00edan ejemplos de datos CAD y texturas. <\/p>\n<p>Tambi\u00e9n estaremos encantados de formar a alguien de tu empresa que pueda apoyarte en la creaci\u00f3n de tus datos o incluso hacerse cargo de ella.<\/p>\t\t\t\t\t\t\t\t<\/div>\n\t\t\t\t<\/div>\n\t\t\t\t<\/div>\n\t\t<div class=\"elementor-element elementor-element-8d8f1e5 e-con-full e-flex e-con e-child\" data-id=\"8d8f1e5\" data-element_type=\"container\" data-e-type=\"container\">\n\t\t\t\t<div class=\"elementor-element elementor-element-fab44ce elementor-widget__width-initial elementor-widget elementor-widget-image\" data-id=\"fab44ce\" data-element_type=\"widget\" data-e-type=\"widget\" data-widget_type=\"image.default\">\n\t\t\t\t<div class=\"elementor-widget-container\">\n\t\t\t\t\t\t\t\t\t\t\t\t\t\t\t<img fetchpriority=\"high\" decoding=\"async\" width=\"1024\" height=\"1024\" src=\"https:\/\/dh-software.de\/wp-content\/uploads\/2024\/06\/drawingphoto.webp\" class=\"attachment-full size-full wp-image-14415\" alt=\"\" srcset=\"https:\/\/dh-software.de\/wp-content\/uploads\/2024\/06\/drawingphoto.webp 1024w, https:\/\/dh-software.de\/wp-content\/uploads\/2024\/06\/drawingphoto-300x300.webp 300w, https:\/\/dh-software.de\/wp-content\/uploads\/2024\/06\/drawingphoto-150x150.webp 150w, https:\/\/dh-software.de\/wp-content\/uploads\/2024\/06\/drawingphoto-768x768.webp 768w\" sizes=\"(max-width: 1024px) 100vw, 1024px\" \/>\t\t\t\t\t\t\t\t\t\t\t\t\t\t\t<\/div>\n\t\t\t\t<\/div>\n\t\t\t\t<\/div>\n\t\t\t\t\t<\/div>\n\t\t\t\t<\/div>\n\t\t<div class=\"elementor-element elementor-element-c0b808d pad-l e-flex e-con-boxed e-con e-parent\" data-id=\"c0b808d\" data-element_type=\"container\" data-e-type=\"container\">\n\t\t\t\t\t<div class=\"e-con-inner\">\n\t\t\t\t<div class=\"elementor-element elementor-element-745c529 elementor-widget elementor-widget-heading\" data-id=\"745c529\" data-element_type=\"widget\" data-e-type=\"widget\" data-widget_type=\"heading.default\">\n\t\t\t\t<div class=\"elementor-widget-container\">\n\t\t\t\t\t<h2 class=\"elementor-heading-title elementor-size-default\">Formulario de contacto<\/h2>\t\t\t\t<\/div>\n\t\t\t\t<\/div>\n\t\t\t\t<div class=\"elementor-element elementor-element-fa31aa8 elementor-button-align-start elementor-widget elementor-widget-form\" data-id=\"fa31aa8\" data-element_type=\"widget\" data-e-type=\"widget\" data-settings=\"{&quot;step_next_label&quot;:&quot;Siguiente&quot;,&quot;step_previous_label&quot;:&quot;Anterior&quot;,&quot;button_width&quot;:&quot;100&quot;,&quot;step_type&quot;:&quot;number_text&quot;,&quot;step_icon_shape&quot;:&quot;circle&quot;}\" data-widget_type=\"form.default\">\n\t\t\t\t<div class=\"elementor-widget-container\">\n\t\t\t\t\t\t\t<form class=\"elementor-form\" method=\"post\" name=\"Nuevo formulario\" aria-label=\"Nuevo formulario\">\n\t\t\t<input type=\"hidden\" name=\"post_id\" value=\"14413\"\/>\n\t\t\t<input type=\"hidden\" name=\"form_id\" value=\"fa31aa8\"\/>\n\t\t\t<input type=\"hidden\" name=\"referer_title\" value=\"Innovative 3D-Planungssoftware f\u00fcr die M\u00f6belbranche von furnplan\" \/>\n\n\t\t\t\n\t\t\t<div class=\"elementor-form-fields-wrapper elementor-labels-\">\n\t\t\t\t\t\t\t\t<div class=\"elementor-field-type-text elementor-field-group elementor-column elementor-field-group-name elementor-col-100\">\n\t\t\t\t\t\t\t\t\t\t\t\t<label for=\"form-field-name\" class=\"elementor-field-label elementor-screen-only\">\n\t\t\t\t\t\t\t\tNombre\t\t\t\t\t\t\t<\/label>\n\t\t\t\t\t\t\t\t\t\t\t\t\t\t<input size=\"1\" type=\"text\" name=\"form_fields[name]\" id=\"form-field-name\" class=\"elementor-field elementor-size-sm  elementor-field-textual\" placeholder=\"Nombre\">\n\t\t\t\t\t\t\t\t\t\t\t<\/div>\n\t\t\t\t\t\t\t\t<div class=\"elementor-field-type-text elementor-field-group elementor-column elementor-field-group-field_2a039c4 elementor-col-100\">\n\t\t\t\t\t\t\t\t\t\t\t\t<label for=\"form-field-field_2a039c4\" class=\"elementor-field-label elementor-screen-only\">\n\t\t\t\t\t\t\t\tEmpresa\t\t\t\t\t\t\t<\/label>\n\t\t\t\t\t\t\t\t\t\t\t\t\t\t<input size=\"1\" type=\"text\" name=\"form_fields[field_2a039c4]\" id=\"form-field-field_2a039c4\" class=\"elementor-field elementor-size-sm  elementor-field-textual\" placeholder=\"Empresa\">\n\t\t\t\t\t\t\t\t\t\t\t<\/div>\n\t\t\t\t\t\t\t\t<div class=\"elementor-field-type-email elementor-field-group elementor-column elementor-field-group-email elementor-col-100 elementor-field-required\">\n\t\t\t\t\t\t\t\t\t\t\t\t<label for=\"form-field-email\" class=\"elementor-field-label elementor-screen-only\">\n\t\t\t\t\t\t\t\tcorreo electr\u00f3nico\t\t\t\t\t\t\t<\/label>\n\t\t\t\t\t\t\t\t\t\t\t\t\t\t<input size=\"1\" type=\"email\" name=\"form_fields[email]\" id=\"form-field-email\" class=\"elementor-field elementor-size-sm  elementor-field-textual\" placeholder=\"correo electr\u00f3nico\" required=\"required\">\n\t\t\t\t\t\t\t\t\t\t\t<\/div>\n\t\t\t\t\t\t\t\t<div class=\"elementor-field-type-upload elementor-field-group elementor-column elementor-field-group-field_caeb7be elementor-col-100\">\n\t\t\t\t\t\t\t<input type=\"file\" name=\"form_fields[field_caeb7be][]\" id=\"form-field-field_caeb7be\" class=\"elementor-field elementor-size-sm  elementor-upload-field\" multiple=\"multiple\" data-maxsize=\"300\" data-maxsize-message=\"Este archivo excede el tama\u00f1o m\u00e1ximo permitido.\">\n\n\t\t\t\t\t\t<\/div>\n\t\t\t\t\t\t\t\t<div class=\"elementor-field-type-textarea elementor-field-group elementor-column elementor-field-group-message elementor-col-100\">\n\t\t\t\t\t\t\t\t\t\t\t\t<label for=\"form-field-message\" class=\"elementor-field-label elementor-screen-only\">\n\t\t\t\t\t\t\t\tMensaje\t\t\t\t\t\t\t<\/label>\n\t\t\t\t\t\t<textarea class=\"elementor-field-textual elementor-field  elementor-size-sm\" name=\"form_fields[message]\" id=\"form-field-message\" rows=\"4\" placeholder=\"Mensaje\"><\/textarea>\t\t\t\t<\/div>\n\t\t\t\t\t\t\t\t<div class=\"elementor-field-group elementor-column elementor-field-type-submit elementor-col-100 e-form__buttons\">\n\t\t\t\t\t<button class=\"elementor-button elementor-size-sm\" type=\"submit\">\n\t\t\t\t\t\t<span class=\"elementor-button-content-wrapper\">\n\t\t\t\t\t\t\t\t\t\t\t\t\t\t\t\t\t\t\t\t\t\t<span class=\"elementor-button-text\">Solicitar ahora<\/span>\n\t\t\t\t\t\t\t\t\t\t\t\t\t<\/span>\n\t\t\t\t\t<\/button>\n\t\t\t\t<\/div>\n\t\t\t<\/div>\n\t\t<\/form>\n\t\t\t\t\t\t<\/div>\n\t\t\t\t<\/div>\n\t\t\t\t\t<\/div>\n\t\t\t\t<\/div>\n\t\t\t\t<\/div>\n\t\t","protected":false},"excerpt":{"rendered":"<p>Inscr\u00edbete ya como fabricante Para crear tus productos, necesitamos toda la informaci\u00f3n relevante que tengas: Listas de tipos y precios Texturas para la visualizaci\u00f3n de superficies Datos maestros en formato electr\u00f3nico (XLS, CSV, XML, JSON) Datos CAD en 2D o 3D (OBJ, DWG, DXF, FBX, STEP, STL, GLB, SKP) Si a\u00fan no dispone de datos [&hellip;]<\/p>\n","protected":false},"author":1,"featured_media":13842,"parent":0,"menu_order":0,"comment_status":"closed","ping_status":"closed","template":"","meta":{"_acf_changed":false,"footnotes":""},"class_list":["post-14413","page","type-page","status-publish","has-post-thumbnail","hentry"],"acf":[],"yoast_head":"<!-- This site is optimized with the Yoast SEO plugin v27.0 - https:\/\/yoast.com\/product\/yoast-seo-wordpress\/ -->\n<title>Listado de fabricantes para proveedores de muebles<\/title>\n<meta name=\"description\" content=\"Anuncia tus productos de mobiliario en furnplan. Recibe un presupuesto gratuito y ayuda para la recogida de datos. Reg\u00edstrate ahora como fabricante.\" \/>\n<meta name=\"robots\" content=\"index, follow, max-snippet:-1, max-image-preview:large, max-video-preview:-1\" \/>\n<link rel=\"canonical\" href=\"https:\/\/dh-software.de\/es\/en-la-lista-de-fabricantes-figuran\/\" \/>\n<meta property=\"og:locale\" content=\"es_ES\" \/>\n<meta property=\"og:type\" content=\"article\" \/>\n<meta property=\"og:title\" content=\"Listado de fabricantes para proveedores de muebles\" \/>\n<meta property=\"og:description\" content=\"Anuncia tus productos de mobiliario en furnplan. Recibe un presupuesto gratuito y ayuda para la recogida de datos. Reg\u00edstrate ahora como fabricante.\" \/>\n<meta property=\"og:url\" content=\"https:\/\/dh-software.de\/es\/en-la-lista-de-fabricantes-figuran\/\" \/>\n<meta property=\"og:site_name\" content=\"Innovative 3D-Planungssoftware f\u00fcr die M\u00f6belbranche von furnplan\" \/>\n<meta property=\"article:modified_time\" content=\"2026-02-06T07:07:13+00:00\" \/>\n<meta property=\"og:image\" content=\"https:\/\/dh-software.de\/wp-content\/uploads\/2024\/06\/26529339_bildschirm_tablet_handy_laptop.png\" \/>\n\t<meta property=\"og:image:width\" content=\"1920\" \/>\n\t<meta property=\"og:image:height\" content=\"951\" \/>\n\t<meta property=\"og:image:type\" content=\"image\/png\" \/>\n<meta name=\"twitter:card\" content=\"summary_large_image\" \/>\n<meta name=\"twitter:label1\" content=\"Tiempo de lectura\" \/>\n\t<meta name=\"twitter:data1\" content=\"1 minuto\" \/>\n<script type=\"application\/ld+json\" class=\"yoast-schema-graph\">{\"@context\":\"https:\/\/schema.org\",\"@graph\":[{\"@type\":\"WebPage\",\"@id\":\"https:\/\/dh-software.de\/es\/en-la-lista-de-fabricantes-figuran\/\",\"url\":\"https:\/\/dh-software.de\/es\/en-la-lista-de-fabricantes-figuran\/\",\"name\":\"Listado de fabricantes para proveedores de muebles\",\"isPartOf\":{\"@id\":\"https:\/\/dh-software.de\/es\/#website\"},\"primaryImageOfPage\":{\"@id\":\"https:\/\/dh-software.de\/es\/en-la-lista-de-fabricantes-figuran\/#primaryimage\"},\"image\":{\"@id\":\"https:\/\/dh-software.de\/es\/en-la-lista-de-fabricantes-figuran\/#primaryimage\"},\"thumbnailUrl\":\"https:\/\/dh-software.de\/wp-content\/uploads\/2024\/06\/26529339_bildschirm_tablet_handy_laptop.png\",\"datePublished\":\"2024-06-27T08:04:02+00:00\",\"dateModified\":\"2026-02-06T07:07:13+00:00\",\"description\":\"Anuncia tus productos de mobiliario en furnplan. Recibe un presupuesto gratuito y ayuda para la recogida de datos. Reg\u00edstrate ahora como fabricante.\",\"breadcrumb\":{\"@id\":\"https:\/\/dh-software.de\/es\/en-la-lista-de-fabricantes-figuran\/#breadcrumb\"},\"inLanguage\":\"es\",\"potentialAction\":[{\"@type\":\"ReadAction\",\"target\":[\"https:\/\/dh-software.de\/es\/en-la-lista-de-fabricantes-figuran\/\"]}]},{\"@type\":\"ImageObject\",\"inLanguage\":\"es\",\"@id\":\"https:\/\/dh-software.de\/es\/en-la-lista-de-fabricantes-figuran\/#primaryimage\",\"url\":\"https:\/\/dh-software.de\/wp-content\/uploads\/2024\/06\/26529339_bildschirm_tablet_handy_laptop.png\",\"contentUrl\":\"https:\/\/dh-software.de\/wp-content\/uploads\/2024\/06\/26529339_bildschirm_tablet_handy_laptop.png\",\"width\":1920,\"height\":951},{\"@type\":\"BreadcrumbList\",\"@id\":\"https:\/\/dh-software.de\/es\/en-la-lista-de-fabricantes-figuran\/#breadcrumb\",\"itemListElement\":[{\"@type\":\"ListItem\",\"position\":1,\"name\":\"Startseite\",\"item\":\"https:\/\/dh-software.de\/es\/\"},{\"@type\":\"ListItem\",\"position\":2,\"name\":\"En la lista de fabricantes figuran\"}]},{\"@type\":\"WebSite\",\"@id\":\"https:\/\/dh-software.de\/es\/#website\",\"url\":\"https:\/\/dh-software.de\/es\/\",\"name\":\"Innovative 3D-Planungssoftware f\u00fcr die M\u00f6belbranche von furnplan\",\"description\":\"\",\"publisher\":{\"@id\":\"https:\/\/dh-software.de\/es\/#organization\"},\"potentialAction\":[{\"@type\":\"SearchAction\",\"target\":{\"@type\":\"EntryPoint\",\"urlTemplate\":\"https:\/\/dh-software.de\/es\/?s={search_term_string}\"},\"query-input\":{\"@type\":\"PropertyValueSpecification\",\"valueRequired\":true,\"valueName\":\"search_term_string\"}}],\"inLanguage\":\"es\"},{\"@type\":\"Organization\",\"@id\":\"https:\/\/dh-software.de\/es\/#organization\",\"name\":\"Innovative 3D-Planungssoftware f\u00fcr die M\u00f6belbranche von furnplan\",\"url\":\"https:\/\/dh-software.de\/es\/\",\"logo\":{\"@type\":\"ImageObject\",\"inLanguage\":\"es\",\"@id\":\"https:\/\/dh-software.de\/es\/#\/schema\/logo\/image\/\",\"url\":\"https:\/\/dh-software.de\/wp-content\/uploads\/2023\/05\/logo_DH_RGB.png\",\"contentUrl\":\"https:\/\/dh-software.de\/wp-content\/uploads\/2023\/05\/logo_DH_RGB.png\",\"width\":162,\"height\":90,\"caption\":\"Innovative 3D-Planungssoftware f\u00fcr die M\u00f6belbranche von furnplan\"},\"image\":{\"@id\":\"https:\/\/dh-software.de\/es\/#\/schema\/logo\/image\/\"}}]}<\/script>\n<!-- \/ Yoast SEO plugin. -->","yoast_head_json":{"title":"Listado de fabricantes para proveedores de muebles","description":"Anuncia tus productos de mobiliario en furnplan. Recibe un presupuesto gratuito y ayuda para la recogida de datos. Reg\u00edstrate ahora como fabricante.","robots":{"index":"index","follow":"follow","max-snippet":"max-snippet:-1","max-image-preview":"max-image-preview:large","max-video-preview":"max-video-preview:-1"},"canonical":"https:\/\/dh-software.de\/es\/en-la-lista-de-fabricantes-figuran\/","og_locale":"es_ES","og_type":"article","og_title":"Listado de fabricantes para proveedores de muebles","og_description":"Anuncia tus productos de mobiliario en furnplan. Recibe un presupuesto gratuito y ayuda para la recogida de datos. Reg\u00edstrate ahora como fabricante.","og_url":"https:\/\/dh-software.de\/es\/en-la-lista-de-fabricantes-figuran\/","og_site_name":"Innovative 3D-Planungssoftware f\u00fcr die M\u00f6belbranche von furnplan","article_modified_time":"2026-02-06T07:07:13+00:00","og_image":[{"width":1920,"height":951,"url":"https:\/\/dh-software.de\/wp-content\/uploads\/2024\/06\/26529339_bildschirm_tablet_handy_laptop.png","type":"image\/png"}],"twitter_card":"summary_large_image","twitter_misc":{"Tiempo de lectura":"1 minuto"},"schema":{"@context":"https:\/\/schema.org","@graph":[{"@type":"WebPage","@id":"https:\/\/dh-software.de\/es\/en-la-lista-de-fabricantes-figuran\/","url":"https:\/\/dh-software.de\/es\/en-la-lista-de-fabricantes-figuran\/","name":"Listado de fabricantes para proveedores de muebles","isPartOf":{"@id":"https:\/\/dh-software.de\/es\/#website"},"primaryImageOfPage":{"@id":"https:\/\/dh-software.de\/es\/en-la-lista-de-fabricantes-figuran\/#primaryimage"},"image":{"@id":"https:\/\/dh-software.de\/es\/en-la-lista-de-fabricantes-figuran\/#primaryimage"},"thumbnailUrl":"https:\/\/dh-software.de\/wp-content\/uploads\/2024\/06\/26529339_bildschirm_tablet_handy_laptop.png","datePublished":"2024-06-27T08:04:02+00:00","dateModified":"2026-02-06T07:07:13+00:00","description":"Anuncia tus productos de mobiliario en furnplan. Recibe un presupuesto gratuito y ayuda para la recogida de datos. Reg\u00edstrate ahora como fabricante.","breadcrumb":{"@id":"https:\/\/dh-software.de\/es\/en-la-lista-de-fabricantes-figuran\/#breadcrumb"},"inLanguage":"es","potentialAction":[{"@type":"ReadAction","target":["https:\/\/dh-software.de\/es\/en-la-lista-de-fabricantes-figuran\/"]}]},{"@type":"ImageObject","inLanguage":"es","@id":"https:\/\/dh-software.de\/es\/en-la-lista-de-fabricantes-figuran\/#primaryimage","url":"https:\/\/dh-software.de\/wp-content\/uploads\/2024\/06\/26529339_bildschirm_tablet_handy_laptop.png","contentUrl":"https:\/\/dh-software.de\/wp-content\/uploads\/2024\/06\/26529339_bildschirm_tablet_handy_laptop.png","width":1920,"height":951},{"@type":"BreadcrumbList","@id":"https:\/\/dh-software.de\/es\/en-la-lista-de-fabricantes-figuran\/#breadcrumb","itemListElement":[{"@type":"ListItem","position":1,"name":"Startseite","item":"https:\/\/dh-software.de\/es\/"},{"@type":"ListItem","position":2,"name":"En la lista de fabricantes figuran"}]},{"@type":"WebSite","@id":"https:\/\/dh-software.de\/es\/#website","url":"https:\/\/dh-software.de\/es\/","name":"Innovative 3D-Planungssoftware f\u00fcr die M\u00f6belbranche von furnplan","description":"","publisher":{"@id":"https:\/\/dh-software.de\/es\/#organization"},"potentialAction":[{"@type":"SearchAction","target":{"@type":"EntryPoint","urlTemplate":"https:\/\/dh-software.de\/es\/?s={search_term_string}"},"query-input":{"@type":"PropertyValueSpecification","valueRequired":true,"valueName":"search_term_string"}}],"inLanguage":"es"},{"@type":"Organization","@id":"https:\/\/dh-software.de\/es\/#organization","name":"Innovative 3D-Planungssoftware f\u00fcr die M\u00f6belbranche von furnplan","url":"https:\/\/dh-software.de\/es\/","logo":{"@type":"ImageObject","inLanguage":"es","@id":"https:\/\/dh-software.de\/es\/#\/schema\/logo\/image\/","url":"https:\/\/dh-software.de\/wp-content\/uploads\/2023\/05\/logo_DH_RGB.png","contentUrl":"https:\/\/dh-software.de\/wp-content\/uploads\/2023\/05\/logo_DH_RGB.png","width":162,"height":90,"caption":"Innovative 3D-Planungssoftware f\u00fcr die M\u00f6belbranche von furnplan"},"image":{"@id":"https:\/\/dh-software.de\/es\/#\/schema\/logo\/image\/"}}]}},"_links":{"self":[{"href":"https:\/\/dh-software.de\/es\/wp-json\/wp\/v2\/pages\/14413","targetHints":{"allow":["GET"]}}],"collection":[{"href":"https:\/\/dh-software.de\/es\/wp-json\/wp\/v2\/pages"}],"about":[{"href":"https:\/\/dh-software.de\/es\/wp-json\/wp\/v2\/types\/page"}],"author":[{"embeddable":true,"href":"https:\/\/dh-software.de\/es\/wp-json\/wp\/v2\/users\/1"}],"replies":[{"embeddable":true,"href":"https:\/\/dh-software.de\/es\/wp-json\/wp\/v2\/comments?post=14413"}],"version-history":[{"count":11,"href":"https:\/\/dh-software.de\/es\/wp-json\/wp\/v2\/pages\/14413\/revisions"}],"predecessor-version":[{"id":17976,"href":"https:\/\/dh-software.de\/es\/wp-json\/wp\/v2\/pages\/14413\/revisions\/17976"}],"wp:featuredmedia":[{"embeddable":true,"href":"https:\/\/dh-software.de\/es\/wp-json\/wp\/v2\/media\/13842"}],"wp:attachment":[{"href":"https:\/\/dh-software.de\/es\/wp-json\/wp\/v2\/media?parent=14413"}],"curies":[{"name":"wp","href":"https:\/\/api.w.org\/{rel}","templated":true}]}}