{"id":15022,"date":"2024-06-27T10:04:02","date_gmt":"2024-06-27T08:04:02","guid":{"rendered":"https:\/\/dh-software.de\/sont-listes-comme-fabricants\/"},"modified":"2026-02-06T08:07:15","modified_gmt":"2026-02-06T07:07:15","slug":"sont-listes-comme-fabricants","status":"publish","type":"page","link":"https:\/\/dh-software.de\/fr\/sont-listes-comme-fabricants\/","title":{"rendered":"Sont list\u00e9s comme fabricants"},"content":{"rendered":"\t\t<div data-elementor-type=\"wp-page\" data-elementor-id=\"15022\" class=\"elementor elementor-15022 elementor-11761\" data-elementor-post-type=\"page\">\n\t\t\t\t<div class=\"elementor-element elementor-element-113033c pad-l e-flex e-con-boxed e-con e-parent\" data-id=\"113033c\" data-element_type=\"container\" data-e-type=\"container\" data-settings=\"{&quot;background_background&quot;:&quot;classic&quot;}\">\n\t\t\t\t\t<div class=\"e-con-inner\">\n\t\t<div class=\"elementor-element elementor-element-1ab7d02 e-con-full e-flex e-con e-child\" data-id=\"1ab7d02\" data-element_type=\"container\" data-e-type=\"container\">\n\t\t\t\t<div class=\"elementor-element elementor-element-a249543 elementor-widget elementor-widget-heading\" data-id=\"a249543\" data-element_type=\"widget\" data-e-type=\"widget\" data-widget_type=\"heading.default\">\n\t\t\t\t<div class=\"elementor-widget-container\">\n\t\t\t\t\t<h2 class=\"elementor-heading-title elementor-size-default\">Devenir un fabricant<\/h2>\t\t\t\t<\/div>\n\t\t\t\t<\/div>\n\t\t\t\t<div class=\"elementor-element elementor-element-02ea700 elementor-widget elementor-widget-text-editor\" data-id=\"02ea700\" data-element_type=\"widget\" data-e-type=\"widget\" data-widget_type=\"text-editor.default\">\n\t\t\t\t<div class=\"elementor-widget-container\">\n\t\t\t\t\t\t\t\t\t<p>Pour cr\u00e9er vos produits, nous avons besoin de toutes les informations pertinentes dont vous disposez :<\/p>\n<ul>\n<li>Listes de types et listes de prix<\/li>\n<li>Textures pour la repr\u00e9sentation de la surface<\/li>\n<li>Donn\u00e9es de base sous forme \u00e9lectronique (XLS, CSV, XML, JSON)<\/li>\n<li>Donn\u00e9es CAO en 2D ou 3D (OBJ, DWG, DXF, FBX, STEP, STL, GLB, SKP)<\/li>\n<\/ul>\n<p>Si les donn\u00e9es CAO ne sont pas encore disponibles, nous avons besoin de photos avec les dimensions.<\/p>\n<p>Avec ces informations, nous pouvons \u00e9tablir une estimation gratuite et sans engagement des d\u00e9penses. Des exemples de donn\u00e9es CAO et de textures suffiraient pour cela. <\/p>\n<p>Nous pouvons \u00e9galement former quelqu&rsquo;un de votre entreprise qui pourra vous aider \u00e0 cr\u00e9er vos donn\u00e9es ou m\u00eame s&rsquo;en charger.<\/p>\t\t\t\t\t\t\t\t<\/div>\n\t\t\t\t<\/div>\n\t\t\t\t<\/div>\n\t\t<div class=\"elementor-element elementor-element-8d8f1e5 e-con-full e-flex e-con e-child\" data-id=\"8d8f1e5\" data-element_type=\"container\" data-e-type=\"container\">\n\t\t\t\t<div class=\"elementor-element elementor-element-fab44ce elementor-widget__width-initial elementor-widget elementor-widget-image\" data-id=\"fab44ce\" data-element_type=\"widget\" data-e-type=\"widget\" data-widget_type=\"image.default\">\n\t\t\t\t<div class=\"elementor-widget-container\">\n\t\t\t\t\t\t\t\t\t\t\t\t\t\t\t<img fetchpriority=\"high\" decoding=\"async\" width=\"1024\" height=\"1024\" src=\"https:\/\/dh-software.de\/wp-content\/uploads\/2024\/06\/drawingphoto.webp\" class=\"attachment-full size-full wp-image-15023\" alt=\"\" srcset=\"https:\/\/dh-software.de\/wp-content\/uploads\/2024\/06\/drawingphoto.webp 1024w, https:\/\/dh-software.de\/wp-content\/uploads\/2024\/06\/drawingphoto-300x300.webp 300w, https:\/\/dh-software.de\/wp-content\/uploads\/2024\/06\/drawingphoto-150x150.webp 150w, https:\/\/dh-software.de\/wp-content\/uploads\/2024\/06\/drawingphoto-768x768.webp 768w\" sizes=\"(max-width: 1024px) 100vw, 1024px\" \/>\t\t\t\t\t\t\t\t\t\t\t\t\t\t\t<\/div>\n\t\t\t\t<\/div>\n\t\t\t\t<\/div>\n\t\t\t\t\t<\/div>\n\t\t\t\t<\/div>\n\t\t<div class=\"elementor-element elementor-element-c0b808d pad-l e-flex e-con-boxed e-con e-parent\" data-id=\"c0b808d\" data-element_type=\"container\" data-e-type=\"container\">\n\t\t\t\t\t<div class=\"e-con-inner\">\n\t\t\t\t<div class=\"elementor-element elementor-element-745c529 elementor-widget elementor-widget-heading\" data-id=\"745c529\" data-element_type=\"widget\" data-e-type=\"widget\" data-widget_type=\"heading.default\">\n\t\t\t\t<div class=\"elementor-widget-container\">\n\t\t\t\t\t<h2 class=\"elementor-heading-title elementor-size-default\">Formulaire de contact<\/h2>\t\t\t\t<\/div>\n\t\t\t\t<\/div>\n\t\t\t\t<div class=\"elementor-element elementor-element-fa31aa8 elementor-button-align-start elementor-widget elementor-widget-form\" data-id=\"fa31aa8\" data-element_type=\"widget\" data-e-type=\"widget\" data-settings=\"{&quot;step_next_label&quot;:&quot;Prochain&quot;,&quot;step_previous_label&quot;:&quot;Pr\\u00e9c\\u00e9dent&quot;,&quot;button_width&quot;:&quot;100&quot;,&quot;step_type&quot;:&quot;number_text&quot;,&quot;step_icon_shape&quot;:&quot;circle&quot;}\" data-widget_type=\"form.default\">\n\t\t\t\t<div class=\"elementor-widget-container\">\n\t\t\t\t\t\t\t<form class=\"elementor-form\" method=\"post\" name=\"Nouveau formulaire\" aria-label=\"Nouveau formulaire\">\n\t\t\t<input type=\"hidden\" name=\"post_id\" value=\"15022\"\/>\n\t\t\t<input type=\"hidden\" name=\"form_id\" value=\"fa31aa8\"\/>\n\t\t\t<input type=\"hidden\" name=\"referer_title\" value=\"Listing des fabricants pour les fournisseurs de meubles\" \/>\n\n\t\t\t\t\t\t\t<input type=\"hidden\" name=\"queried_id\" value=\"15022\"\/>\n\t\t\t\n\t\t\t<div class=\"elementor-form-fields-wrapper elementor-labels-\">\n\t\t\t\t\t\t\t\t<div class=\"elementor-field-type-text elementor-field-group elementor-column elementor-field-group-name elementor-col-100\">\n\t\t\t\t\t\t\t\t\t\t\t\t<label for=\"form-field-name\" class=\"elementor-field-label elementor-screen-only\">\n\t\t\t\t\t\t\t\tNom\t\t\t\t\t\t\t<\/label>\n\t\t\t\t\t\t\t\t\t\t\t\t\t\t<input size=\"1\" type=\"text\" name=\"form_fields[name]\" id=\"form-field-name\" class=\"elementor-field elementor-size-sm  elementor-field-textual\" placeholder=\"Nom\">\n\t\t\t\t\t\t\t\t\t\t\t<\/div>\n\t\t\t\t\t\t\t\t<div class=\"elementor-field-type-text elementor-field-group elementor-column elementor-field-group-field_2a039c4 elementor-col-100\">\n\t\t\t\t\t\t\t\t\t\t\t\t<label for=\"form-field-field_2a039c4\" class=\"elementor-field-label elementor-screen-only\">\n\t\t\t\t\t\t\t\tSoci\u00e9t\u00e9\t\t\t\t\t\t\t<\/label>\n\t\t\t\t\t\t\t\t\t\t\t\t\t\t<input size=\"1\" type=\"text\" name=\"form_fields[field_2a039c4]\" id=\"form-field-field_2a039c4\" class=\"elementor-field elementor-size-sm  elementor-field-textual\" placeholder=\"Soci\u00e9t\u00e9\">\n\t\t\t\t\t\t\t\t\t\t\t<\/div>\n\t\t\t\t\t\t\t\t<div class=\"elementor-field-type-email elementor-field-group elementor-column elementor-field-group-email elementor-col-100 elementor-field-required\">\n\t\t\t\t\t\t\t\t\t\t\t\t<label for=\"form-field-email\" class=\"elementor-field-label elementor-screen-only\">\n\t\t\t\t\t\t\t\tE-mail\t\t\t\t\t\t\t<\/label>\n\t\t\t\t\t\t\t\t\t\t\t\t\t\t<input size=\"1\" type=\"email\" name=\"form_fields[email]\" id=\"form-field-email\" class=\"elementor-field elementor-size-sm  elementor-field-textual\" placeholder=\"E-mail\" required=\"required\">\n\t\t\t\t\t\t\t\t\t\t\t<\/div>\n\t\t\t\t\t\t\t\t<div class=\"elementor-field-type-upload elementor-field-group elementor-column elementor-field-group-field_caeb7be elementor-col-100\">\n\t\t\t\t\t\t\t<input type=\"file\" name=\"form_fields[field_caeb7be][]\" id=\"form-field-field_caeb7be\" class=\"elementor-field elementor-size-sm  elementor-upload-field\" multiple=\"multiple\" data-maxsize=\"300\" data-maxsize-message=\"Ce fichier d\u00e9passe la taille maximale autoris\u00e9e.\">\n\n\t\t\t\t\t\t<\/div>\n\t\t\t\t\t\t\t\t<div class=\"elementor-field-type-textarea elementor-field-group elementor-column elementor-field-group-message elementor-col-100\">\n\t\t\t\t\t\t\t\t\t\t\t\t<label for=\"form-field-message\" class=\"elementor-field-label elementor-screen-only\">\n\t\t\t\t\t\t\t\tMessage\t\t\t\t\t\t\t<\/label>\n\t\t\t\t\t\t<textarea class=\"elementor-field-textual elementor-field  elementor-size-sm\" name=\"form_fields[message]\" id=\"form-field-message\" rows=\"4\" placeholder=\"Message\"><\/textarea>\t\t\t\t<\/div>\n\t\t\t\t\t\t\t\t<div class=\"elementor-field-group elementor-column elementor-field-type-submit elementor-col-100 e-form__buttons\">\n\t\t\t\t\t<button class=\"elementor-button elementor-size-sm\" type=\"submit\">\n\t\t\t\t\t\t<span class=\"elementor-button-content-wrapper\">\n\t\t\t\t\t\t\t\t\t\t\t\t\t\t\t\t\t\t\t\t\t\t<span class=\"elementor-button-text\">Demandez maintenant<\/span>\n\t\t\t\t\t\t\t\t\t\t\t\t\t<\/span>\n\t\t\t\t\t<\/button>\n\t\t\t\t<\/div>\n\t\t\t<\/div>\n\t\t<\/form>\n\t\t\t\t\t\t<\/div>\n\t\t\t\t<\/div>\n\t\t\t\t\t<\/div>\n\t\t\t\t<\/div>\n\t\t\t\t<\/div>\n\t\t","protected":false},"excerpt":{"rendered":"<p>Devenir un fabricant Pour cr\u00e9er vos produits, nous avons besoin de toutes les informations pertinentes dont vous disposez : Listes de types et listes de prix Textures pour la repr\u00e9sentation de la surface Donn\u00e9es de base sous forme \u00e9lectronique (XLS, CSV, XML, JSON) Donn\u00e9es CAO en 2D ou 3D (OBJ, DWG, DXF, FBX, STEP, STL, [&hellip;]<\/p>\n","protected":false},"author":1,"featured_media":15024,"parent":0,"menu_order":0,"comment_status":"closed","ping_status":"closed","template":"","meta":{"_acf_changed":false,"footnotes":""},"class_list":["post-15022","page","type-page","status-publish","has-post-thumbnail","hentry"],"acf":[],"yoast_head":"<!-- This site is optimized with the Yoast SEO plugin v27.0 - https:\/\/yoast.com\/product\/yoast-seo-wordpress\/ -->\n<title>Listing des fabricants pour les fournisseurs de meubles<\/title>\n<meta name=\"description\" content=\"Listez vos produits d&#039;ameublement sur furnplan. Obtenez une estimation gratuite des d\u00e9penses et une assistance pour la collecte des donn\u00e9es. Inscrivez-vous maintenant en tant que fabricant.\" \/>\n<meta name=\"robots\" content=\"index, follow, max-snippet:-1, max-image-preview:large, max-video-preview:-1\" \/>\n<link rel=\"canonical\" href=\"https:\/\/dh-software.de\/fr\/sont-listes-comme-fabricants\/\" \/>\n<meta property=\"og:locale\" content=\"fr_FR\" \/>\n<meta property=\"og:type\" content=\"article\" \/>\n<meta property=\"og:title\" content=\"Listing des fabricants pour les fournisseurs de meubles\" \/>\n<meta property=\"og:description\" content=\"Listez vos produits d&#039;ameublement sur furnplan. Obtenez une estimation gratuite des d\u00e9penses et une assistance pour la collecte des donn\u00e9es. Inscrivez-vous maintenant en tant que fabricant.\" \/>\n<meta property=\"og:url\" content=\"https:\/\/dh-software.de\/fr\/sont-listes-comme-fabricants\/\" \/>\n<meta property=\"og:site_name\" content=\"Innovative 3D-Planungssoftware f\u00fcr die M\u00f6belbranche von furnplan\" \/>\n<meta property=\"article:modified_time\" content=\"2026-02-06T07:07:15+00:00\" \/>\n<meta property=\"og:image\" content=\"https:\/\/dh-software.de\/wp-content\/uploads\/2024\/06\/26529339_bildschirm_tablet_handy_laptop.png\" \/>\n\t<meta property=\"og:image:width\" content=\"1920\" \/>\n\t<meta property=\"og:image:height\" content=\"951\" \/>\n\t<meta property=\"og:image:type\" content=\"image\/png\" \/>\n<meta name=\"twitter:card\" content=\"summary_large_image\" \/>\n<meta name=\"twitter:label1\" content=\"Dur\u00e9e de lecture estim\u00e9e\" \/>\n\t<meta name=\"twitter:data1\" content=\"1 minute\" \/>\n<script type=\"application\/ld+json\" class=\"yoast-schema-graph\">{\"@context\":\"https:\/\/schema.org\",\"@graph\":[{\"@type\":\"WebPage\",\"@id\":\"https:\/\/dh-software.de\/fr\/sont-listes-comme-fabricants\/\",\"url\":\"https:\/\/dh-software.de\/fr\/sont-listes-comme-fabricants\/\",\"name\":\"Listing des fabricants pour les fournisseurs de meubles\",\"isPartOf\":{\"@id\":\"https:\/\/dh-software.de\/fr\/#website\"},\"primaryImageOfPage\":{\"@id\":\"https:\/\/dh-software.de\/fr\/sont-listes-comme-fabricants\/#primaryimage\"},\"image\":{\"@id\":\"https:\/\/dh-software.de\/fr\/sont-listes-comme-fabricants\/#primaryimage\"},\"thumbnailUrl\":\"https:\/\/dh-software.de\/wp-content\/uploads\/2024\/06\/26529339_bildschirm_tablet_handy_laptop.png\",\"datePublished\":\"2024-06-27T08:04:02+00:00\",\"dateModified\":\"2026-02-06T07:07:15+00:00\",\"description\":\"Listez vos produits d'ameublement sur furnplan. Obtenez une estimation gratuite des d\u00e9penses et une assistance pour la collecte des donn\u00e9es. Inscrivez-vous maintenant en tant que fabricant.\",\"breadcrumb\":{\"@id\":\"https:\/\/dh-software.de\/fr\/sont-listes-comme-fabricants\/#breadcrumb\"},\"inLanguage\":\"fr-FR\",\"potentialAction\":[{\"@type\":\"ReadAction\",\"target\":[\"https:\/\/dh-software.de\/fr\/sont-listes-comme-fabricants\/\"]}]},{\"@type\":\"ImageObject\",\"inLanguage\":\"fr-FR\",\"@id\":\"https:\/\/dh-software.de\/fr\/sont-listes-comme-fabricants\/#primaryimage\",\"url\":\"https:\/\/dh-software.de\/wp-content\/uploads\/2024\/06\/26529339_bildschirm_tablet_handy_laptop.png\",\"contentUrl\":\"https:\/\/dh-software.de\/wp-content\/uploads\/2024\/06\/26529339_bildschirm_tablet_handy_laptop.png\",\"width\":1920,\"height\":951},{\"@type\":\"BreadcrumbList\",\"@id\":\"https:\/\/dh-software.de\/fr\/sont-listes-comme-fabricants\/#breadcrumb\",\"itemListElement\":[{\"@type\":\"ListItem\",\"position\":1,\"name\":\"Startseite\",\"item\":\"https:\/\/dh-software.de\/fr\/\"},{\"@type\":\"ListItem\",\"position\":2,\"name\":\"Sont list\u00e9s comme fabricants\"}]},{\"@type\":\"WebSite\",\"@id\":\"https:\/\/dh-software.de\/fr\/#website\",\"url\":\"https:\/\/dh-software.de\/fr\/\",\"name\":\"Innovative 3D-Planungssoftware f\u00fcr die M\u00f6belbranche von furnplan\",\"description\":\"\",\"publisher\":{\"@id\":\"https:\/\/dh-software.de\/fr\/#organization\"},\"potentialAction\":[{\"@type\":\"SearchAction\",\"target\":{\"@type\":\"EntryPoint\",\"urlTemplate\":\"https:\/\/dh-software.de\/fr\/?s={search_term_string}\"},\"query-input\":{\"@type\":\"PropertyValueSpecification\",\"valueRequired\":true,\"valueName\":\"search_term_string\"}}],\"inLanguage\":\"fr-FR\"},{\"@type\":\"Organization\",\"@id\":\"https:\/\/dh-software.de\/fr\/#organization\",\"name\":\"Innovative 3D-Planungssoftware f\u00fcr die M\u00f6belbranche von furnplan\",\"url\":\"https:\/\/dh-software.de\/fr\/\",\"logo\":{\"@type\":\"ImageObject\",\"inLanguage\":\"fr-FR\",\"@id\":\"https:\/\/dh-software.de\/fr\/#\/schema\/logo\/image\/\",\"url\":\"https:\/\/dh-software.de\/wp-content\/uploads\/2023\/05\/logo_DH_RGB.png\",\"contentUrl\":\"https:\/\/dh-software.de\/wp-content\/uploads\/2023\/05\/logo_DH_RGB.png\",\"width\":162,\"height\":90,\"caption\":\"Innovative 3D-Planungssoftware f\u00fcr die M\u00f6belbranche von furnplan\"},\"image\":{\"@id\":\"https:\/\/dh-software.de\/fr\/#\/schema\/logo\/image\/\"}}]}<\/script>\n<!-- \/ Yoast SEO plugin. -->","yoast_head_json":{"title":"Listing des fabricants pour les fournisseurs de meubles","description":"Listez vos produits d'ameublement sur furnplan. Obtenez une estimation gratuite des d\u00e9penses et une assistance pour la collecte des donn\u00e9es. Inscrivez-vous maintenant en tant que fabricant.","robots":{"index":"index","follow":"follow","max-snippet":"max-snippet:-1","max-image-preview":"max-image-preview:large","max-video-preview":"max-video-preview:-1"},"canonical":"https:\/\/dh-software.de\/fr\/sont-listes-comme-fabricants\/","og_locale":"fr_FR","og_type":"article","og_title":"Listing des fabricants pour les fournisseurs de meubles","og_description":"Listez vos produits d'ameublement sur furnplan. Obtenez une estimation gratuite des d\u00e9penses et une assistance pour la collecte des donn\u00e9es. Inscrivez-vous maintenant en tant que fabricant.","og_url":"https:\/\/dh-software.de\/fr\/sont-listes-comme-fabricants\/","og_site_name":"Innovative 3D-Planungssoftware f\u00fcr die M\u00f6belbranche von furnplan","article_modified_time":"2026-02-06T07:07:15+00:00","og_image":[{"width":1920,"height":951,"url":"https:\/\/dh-software.de\/wp-content\/uploads\/2024\/06\/26529339_bildschirm_tablet_handy_laptop.png","type":"image\/png"}],"twitter_card":"summary_large_image","twitter_misc":{"Dur\u00e9e de lecture estim\u00e9e":"1 minute"},"schema":{"@context":"https:\/\/schema.org","@graph":[{"@type":"WebPage","@id":"https:\/\/dh-software.de\/fr\/sont-listes-comme-fabricants\/","url":"https:\/\/dh-software.de\/fr\/sont-listes-comme-fabricants\/","name":"Listing des fabricants pour les fournisseurs de meubles","isPartOf":{"@id":"https:\/\/dh-software.de\/fr\/#website"},"primaryImageOfPage":{"@id":"https:\/\/dh-software.de\/fr\/sont-listes-comme-fabricants\/#primaryimage"},"image":{"@id":"https:\/\/dh-software.de\/fr\/sont-listes-comme-fabricants\/#primaryimage"},"thumbnailUrl":"https:\/\/dh-software.de\/wp-content\/uploads\/2024\/06\/26529339_bildschirm_tablet_handy_laptop.png","datePublished":"2024-06-27T08:04:02+00:00","dateModified":"2026-02-06T07:07:15+00:00","description":"Listez vos produits d'ameublement sur furnplan. Obtenez une estimation gratuite des d\u00e9penses et une assistance pour la collecte des donn\u00e9es. Inscrivez-vous maintenant en tant que fabricant.","breadcrumb":{"@id":"https:\/\/dh-software.de\/fr\/sont-listes-comme-fabricants\/#breadcrumb"},"inLanguage":"fr-FR","potentialAction":[{"@type":"ReadAction","target":["https:\/\/dh-software.de\/fr\/sont-listes-comme-fabricants\/"]}]},{"@type":"ImageObject","inLanguage":"fr-FR","@id":"https:\/\/dh-software.de\/fr\/sont-listes-comme-fabricants\/#primaryimage","url":"https:\/\/dh-software.de\/wp-content\/uploads\/2024\/06\/26529339_bildschirm_tablet_handy_laptop.png","contentUrl":"https:\/\/dh-software.de\/wp-content\/uploads\/2024\/06\/26529339_bildschirm_tablet_handy_laptop.png","width":1920,"height":951},{"@type":"BreadcrumbList","@id":"https:\/\/dh-software.de\/fr\/sont-listes-comme-fabricants\/#breadcrumb","itemListElement":[{"@type":"ListItem","position":1,"name":"Startseite","item":"https:\/\/dh-software.de\/fr\/"},{"@type":"ListItem","position":2,"name":"Sont list\u00e9s comme fabricants"}]},{"@type":"WebSite","@id":"https:\/\/dh-software.de\/fr\/#website","url":"https:\/\/dh-software.de\/fr\/","name":"Innovative 3D-Planungssoftware f\u00fcr die M\u00f6belbranche von furnplan","description":"","publisher":{"@id":"https:\/\/dh-software.de\/fr\/#organization"},"potentialAction":[{"@type":"SearchAction","target":{"@type":"EntryPoint","urlTemplate":"https:\/\/dh-software.de\/fr\/?s={search_term_string}"},"query-input":{"@type":"PropertyValueSpecification","valueRequired":true,"valueName":"search_term_string"}}],"inLanguage":"fr-FR"},{"@type":"Organization","@id":"https:\/\/dh-software.de\/fr\/#organization","name":"Innovative 3D-Planungssoftware f\u00fcr die M\u00f6belbranche von furnplan","url":"https:\/\/dh-software.de\/fr\/","logo":{"@type":"ImageObject","inLanguage":"fr-FR","@id":"https:\/\/dh-software.de\/fr\/#\/schema\/logo\/image\/","url":"https:\/\/dh-software.de\/wp-content\/uploads\/2023\/05\/logo_DH_RGB.png","contentUrl":"https:\/\/dh-software.de\/wp-content\/uploads\/2023\/05\/logo_DH_RGB.png","width":162,"height":90,"caption":"Innovative 3D-Planungssoftware f\u00fcr die M\u00f6belbranche von furnplan"},"image":{"@id":"https:\/\/dh-software.de\/fr\/#\/schema\/logo\/image\/"}}]}},"_links":{"self":[{"href":"https:\/\/dh-software.de\/fr\/wp-json\/wp\/v2\/pages\/15022","targetHints":{"allow":["GET"]}}],"collection":[{"href":"https:\/\/dh-software.de\/fr\/wp-json\/wp\/v2\/pages"}],"about":[{"href":"https:\/\/dh-software.de\/fr\/wp-json\/wp\/v2\/types\/page"}],"author":[{"embeddable":true,"href":"https:\/\/dh-software.de\/fr\/wp-json\/wp\/v2\/users\/1"}],"replies":[{"embeddable":true,"href":"https:\/\/dh-software.de\/fr\/wp-json\/wp\/v2\/comments?post=15022"}],"version-history":[{"count":6,"href":"https:\/\/dh-software.de\/fr\/wp-json\/wp\/v2\/pages\/15022\/revisions"}],"predecessor-version":[{"id":17978,"href":"https:\/\/dh-software.de\/fr\/wp-json\/wp\/v2\/pages\/15022\/revisions\/17978"}],"wp:featuredmedia":[{"embeddable":true,"href":"https:\/\/dh-software.de\/fr\/wp-json\/wp\/v2\/media\/15024"}],"wp:attachment":[{"href":"https:\/\/dh-software.de\/fr\/wp-json\/wp\/v2\/media?parent=15022"}],"curies":[{"name":"wp","href":"https:\/\/api.w.org\/{rel}","templated":true}]}}