{"id":15035,"date":"2024-05-23T15:10:59","date_gmt":"2024-05-23T13:10:59","guid":{"rendered":"https:\/\/dh-software.de\/protection-des-donnees\/"},"modified":"2025-07-15T12:11:10","modified_gmt":"2025-07-15T10:11:10","slug":"protection-des-donnees","status":"publish","type":"page","link":"https:\/\/dh-software.de\/fr\/protection-des-donnees\/","title":{"rendered":"Protection des donn\u00e9es"},"content":{"rendered":"<p>Le service responsable au sens de la l\u00e9gislation sur la protection des donn\u00e9es est :<\/p>\n<p>D+H Software GmbH<\/p>\n<h2>Collecte d&rsquo;informations g\u00e9n\u00e9rales<\/h2>\n<p>Lorsque vous acc\u00e9dez \u00e0 notre site web, des informations de nature g\u00e9n\u00e9rale sont automatiquement collect\u00e9es. Ces informations (fichiers journaux du serveur) comprennent par exemple le type de navigateur web, le syst\u00e8me d&rsquo;exploitation utilis\u00e9, le nom de domaine de votre fournisseur d&rsquo;acc\u00e8s Internet et d&rsquo;autres informations similaires. Il s&rsquo;agit exclusivement d&rsquo;informations qui ne permettent pas de tirer des conclusions sur votre personne. Ces informations sont techniquement n\u00e9cessaires pour fournir correctement les contenus des pages web que vous avez demand\u00e9s et sont obligatoires lors de l&rsquo;utilisation d&rsquo;Internet. Les informations anonymes de ce type sont \u00e9valu\u00e9es statistiquement par nos soins afin d&rsquo;optimiser notre site Internet et la technique qui le sous-tend.    <\/p>\n<h2>Cookies<\/h2>\n<p>Comme de nombreux autres sites web, nous utilisons \u00e9galement des \u00ab\u00a0cookies\u00a0\u00bb. Les cookies sont de petits fichiers texte qui sont transf\u00e9r\u00e9s sur votre disque dur par un serveur de site web. Ils nous permettent d&rsquo;obtenir automatiquement certaines donn\u00e9es telles que l&rsquo;adresse IP, le navigateur utilis\u00e9, le syst\u00e8me d&rsquo;exploitation de votre ordinateur et votre connexion \u00e0 Internet.  <\/p>\n<p>Les cookies ne peuvent pas \u00eatre utilis\u00e9s pour lancer des programmes ou transmettre des virus \u00e0 un ordinateur. Gr\u00e2ce aux informations contenues dans les cookies, nous pouvons vous faciliter la navigation et vous permettre d&rsquo;afficher correctement nos pages web. <\/p>\n<p>En aucun cas, les donn\u00e9es que nous collectons ne sont transmises \u00e0 des tiers ou un lien avec des donn\u00e9es personnelles n&rsquo;est \u00e9tabli sans votre consentement.<\/p>\n<p>Bien entendu, vous pouvez en principe consulter notre site web sans cookies. Les navigateurs Internet sont r\u00e9guli\u00e8rement configur\u00e9s pour accepter les cookies. Vous pouvez \u00e0 tout moment d\u00e9sactiver l&rsquo;utilisation de cookies via les param\u00e8tres de votre navigateur. Veuillez utiliser les fonctions d&rsquo;aide de votre navigateur Internet pour savoir comment modifier ces param\u00e8tres. Veuillez noter que certaines fonctions de notre site web peuvent ne pas fonctionner si vous avez d\u00e9sactiv\u00e9 l&rsquo;utilisation de cookies.    <\/p>\n<h2>Chiffrement SSL<\/h2>\n<p>Afin de prot\u00e9ger la s\u00e9curit\u00e9 de vos donn\u00e9es lors de leur transmission, nous utilisons des proc\u00e9dures de cryptage conformes \u00e0 l&rsquo;\u00e9tat actuel de la technique (par ex. SSL) via HTTPS.<\/p>\n<h2>Formulaire de contact<\/h2>\n<p>Si vous nous contactez par e-mail ou via le formulaire de contact, les donn\u00e9es que vous avez fournies seront enregistr\u00e9es dans le but de traiter votre demande et de r\u00e9pondre \u00e0 d&rsquo;\u00e9ventuelles questions ult\u00e9rieures.<\/p>\n<h2>Utilisation des solutions logicielles<\/h2>\n<p>Dans le cadre de l&rsquo;utilisation de nos solutions logicielles pour la planification et la visualisation dans le domaine du mobilier, des donn\u00e9es suppl\u00e9mentaires peuvent \u00eatre trait\u00e9es. Dans la mesure o\u00f9 les planifications sont enregistr\u00e9es au sein du logiciel ou transmises \u00e0 nos serveurs pour un traitement ult\u00e9rieur ou la g\u00e9n\u00e9ration d&rsquo;images, l&rsquo;adresse IP du syst\u00e8me utilis\u00e9 est transmise pour des raisons techniques. Le t\u00e9l\u00e9chargement via le furncloud peut \u00eatre d\u00e9sactiv\u00e9. L&rsquo;adresse IP n&rsquo;est pas enregistr\u00e9e au-del\u00e0 de l&rsquo;objectif techniquement n\u00e9cessaire.   <\/p>\n<p>Les utilisateurs ont la possibilit\u00e9, dans le cadre du logiciel, d&rsquo;enregistrer volontairement des donn\u00e9es relatives aux clients finaux (par ex. nom, adresse, coordonn\u00e9es) dans des fichiers de projet. La responsabilit\u00e9 de la collecte, de la gestion et de l&rsquo;utilisation de ces donn\u00e9es incombe \u00e0 l&rsquo;entreprise qui utilise le logiciel. Dans la mesure o\u00f9 le gestionnaire de projet en ligne int\u00e9gr\u00e9 est utilis\u00e9, l&rsquo;ensemble des donn\u00e9es de planification &#8211; y compris les \u00e9ventuelles donn\u00e9es des clients finaux &#8211; est enregistr\u00e9 sur les serveurs de D+H Software GmbH. Nous traitons ces donn\u00e9es exclusivement dans le cadre de la fourniture de prestations contractuelles et non \u00e0 des fins personnelles.   <\/p>\n<p>En r\u00e8gle g\u00e9n\u00e9rale, la licence du logiciel est accord\u00e9e en fonction de l&rsquo;entreprise. Un enregistrement personnel n&rsquo;est pas n\u00e9cessaire pour l&rsquo;utilisation. Lors du contact avec notre support &#8211; par exemple par e-mail, t\u00e9l\u00e9phone ou t\u00e9l\u00e9maintenance &#8211; des donn\u00e9es personnelles telles que le nom, l&rsquo;adresse e-mail professionnelle ainsi que des fichiers ou des captures d&rsquo;\u00e9cran relatifs au projet peuvent \u00eatre transmises. Ces informations sont utilis\u00e9es exclusivement pour traiter la demande. Un stockage temporaire des contenus li\u00e9s au projet peut avoir lieu s&rsquo;il est n\u00e9cessaire pour l&rsquo;analyse des erreurs. Un stockage permanent n&rsquo;a lieu qu&rsquo;avec l&rsquo;accord explicite ou dans le cadre d&rsquo;accords contractuels. Les donn\u00e9es de contact g\u00e9n\u00e9rales des interlocuteurs (par ex. nom, fonction, coordonn\u00e9es professionnelles) sont enregistr\u00e9es \u00e0 des fins de suivi de la client\u00e8le.      <\/p>\n<p>Pour l&rsquo;utilisation de nos fonctions bas\u00e9es sur le cloud ou exploit\u00e9es en externe, nous proposons \u00e0 nos clients professionnels, si n\u00e9cessaire, un contrat de traitement des commandes conform\u00e9ment \u00e0 l&rsquo;article 28 du RGPD. Veuillez vous adresser \u00e0 ce sujet \u00e0 notre d\u00e9l\u00e9gu\u00e9 \u00e0 la protection des donn\u00e9es. <\/p>\n<h2><strong>Vos droits d&rsquo;acc\u00e8s, de rectification, d&rsquo;effacement, de limitation du traitement, d&rsquo;opposition et de portabilit\u00e9 des donn\u00e9es<br \/>\n<\/strong><\/h2>\n<p>Vous avez le droit d&rsquo;obtenir \u00e0 tout moment des informations sur vos donn\u00e9es personnelles enregistr\u00e9es chez nous ainsi que sur la finalit\u00e9 de leur enregistrement (art.15 du RGPD). De m\u00eame, vous avez le droit de demander la rectification (art. 16 du RGPD), l&rsquo;effacement (art. 17 du RGPD) (\u00e0 l&rsquo;exception de la conservation des donn\u00e9es prescrite pour le traitement des affaires), la limitation du traitement (art. 18 du RGPD) ou la portabilit\u00e9 des donn\u00e9es (art. 20 du RGPD) de vos donn\u00e9es personnelles. Pour ce faire, veuillez vous adresser \u00e0 notre responsable de la protection des donn\u00e9es. Vous trouverez ses coordonn\u00e9es tout en bas.    <\/p>\n<p>Pour qu&rsquo;un blocage de donn\u00e9es puisse \u00eatre pris en compte \u00e0 tout moment, ces donn\u00e9es doivent \u00eatre conserv\u00e9es dans un fichier de blocage \u00e0 des fins de contr\u00f4le. Vous pouvez \u00e9galement demander la suppression des donn\u00e9es, dans la mesure o\u00f9 il n&rsquo;existe pas d&rsquo;obligation l\u00e9gale d&rsquo;archivage. Dans la mesure o\u00f9 une telle obligation existe, nous bloquons vos donn\u00e9es sur demande.  <\/p>\n<p>Vous pouvez proc\u00e9der \u00e0 des modifications ou \u00e0 la r\u00e9vocation d&rsquo;un consentement en nous adressant une communication correspondante, avec effet pour l&rsquo;avenir.<\/p>\n<h2>Google reCAPTCHA<\/h2>\n<p>Nous utilisons \u00ab\u00a0Google reCAPTCHA\u00a0\u00bb (ci-apr\u00e8s \u00ab\u00a0reCAPTCHA\u00a0\u00bb) sur nos sites web. Le fournisseur est Google Inc., 1600 Amphitheatre Parkway, Mountain View, CA 94043, USA (\u00ab\u00a0Google\u00a0\u00bb). reCAPTCHA doit permettre de v\u00e9rifier si la saisie de donn\u00e9es sur nos sites Web (par exemple dans un formulaire de contact) est effectu\u00e9e par un \u00eatre humain ou par un programme automatis\u00e9. Pour ce faire, reCAPTCHA analyse le comportement du visiteur du site web \u00e0 l&rsquo;aide de diff\u00e9rentes caract\u00e9ristiques. Cette analyse commence automatiquement d\u00e8s que le visiteur du site web entre sur le site. Pour l&rsquo;analyse, reCAPTCHA \u00e9value diff\u00e9rentes informations (par ex. l&rsquo;adresse IP, le temps pass\u00e9 par le visiteur sur le site web ou les mouvements de souris effectu\u00e9s par l&rsquo;utilisateur). Les donn\u00e9es collect\u00e9es lors de l&rsquo;analyse sont transmises \u00e0 Google.<\/p>\n<p>Les analyses reCAPTCHA s&rsquo;effectuent enti\u00e8rement en arri\u00e8re-plan. Les visiteurs du site web ne sont pas inform\u00e9s qu&rsquo;une analyse est en cours. <\/p>\n<p>Le traitement des donn\u00e9es est effectu\u00e9 sur la base de l&rsquo;article 6, paragraphe 1, point f du RGPD. L&rsquo;exploitant du site web a un int\u00e9r\u00eat l\u00e9gitime \u00e0 prot\u00e9ger ses offres web contre l&rsquo;espionnage automatis\u00e9 abusif et le SPAM.   <\/p>\n<p>Pour plus d&rsquo;informations sur Google reCAPTCHA et la d\u00e9claration de confidentialit\u00e9 de Google, veuillez consulter les liens suivants <a href=\"https:\/\/www.google.com\/intl\/de\/policies\/privacy\/\">: https:\/\/www.google.com\/intl\/de\/policies\/privacy\/<\/a> et <a href=\"https:\/\/www.google.com\/recaptcha\/intro\/android.html\">https:\/\/www.google.com\/recaptcha\/intro\/android.html.<\/a><\/p>\n<h2><strong>Modification de notre politique de confidentialit\u00e9<\/strong><\/h2>\n<p>Nous nous r\u00e9servons le droit d&rsquo;adapter occasionnellement la pr\u00e9sente d\u00e9claration de protection des donn\u00e9es afin qu&rsquo;elle soit toujours conforme aux exigences l\u00e9gales actuelles ou afin de mettre en \u0153uvre les modifications de nos prestations dans la d\u00e9claration de protection des donn\u00e9es, par exemple lors de l&rsquo;introduction de nouveaux services. La nouvelle d\u00e9claration de protection des donn\u00e9es s&rsquo;appliquera alors \u00e0 votre nouvelle visite. <\/p>\n<h2><strong>Questions au d\u00e9l\u00e9gu\u00e9 \u00e0 la protection des donn\u00e9es<\/strong><\/h2>\n<p>Si vous avez des questions concernant la protection des donn\u00e9es, veuillez nous envoyer un e-mail \u00e0 <a href=\"mailto:datenschutz@dh-software.de\">datenschutz@dh-software.de<\/a> ou vous adresser directement \u00e0 notre responsable de la protection des donn\u00e9es : Florian Hemsing, Email :   <a href=\"mailto:datenschutzbeauftragter@dh-software.de\">datenschutzbeauftragter@dh-software.de<\/a><\/p>\n<h2><strong>Aper\u00e7u des sous-traitants de D+H Software GmbH<\/strong><\/h2>\n<p><a href=\"https:\/\/dh-software.de\/wp-content\/uploads\/2024\/07\/SubunternehmerDHSoftwareGmbH.pdf\" target=\"_blank\" rel=\"noopener\">Sous-traitant D+H Software GmbH<\/a><\/p>\n<p><em>La d\u00e9claration de protection des donn\u00e9es a \u00e9t\u00e9 r\u00e9alis\u00e9e \u00e0 l&rsquo;aide du <\/em><a href=\"https:\/\/www.activemind.de\/datenschutz\/datenschutzhinweis-generator\/\"><em>G\u00e9n\u00e9rateur de d\u00e9claration de protection des donn\u00e9es d&rsquo;activeMind AG<\/em><\/a><em>.<\/em><\/p>\n","protected":false},"excerpt":{"rendered":"<p>Le service responsable au sens de la l\u00e9gislation sur la protection des donn\u00e9es est : D+H Software GmbH Collecte d&rsquo;informations g\u00e9n\u00e9rales Lorsque vous acc\u00e9dez \u00e0 notre site web, des informations de nature g\u00e9n\u00e9rale sont automatiquement collect\u00e9es. Ces informations (fichiers journaux du serveur) comprennent par exemple le type de navigateur web, le syst\u00e8me d&rsquo;exploitation utilis\u00e9, le [&hellip;]<\/p>\n","protected":false},"author":1,"featured_media":0,"parent":0,"menu_order":0,"comment_status":"closed","ping_status":"closed","template":"","meta":{"_acf_changed":false,"footnotes":""},"class_list":["post-15035","page","type-page","status-publish","hentry"],"acf":[],"yoast_head":"<!-- This site is optimized with the Yoast SEO plugin v27.0 - https:\/\/yoast.com\/product\/yoast-seo-wordpress\/ -->\n<title>Protection des donn\u00e9es - Innovative 3D-Planungssoftware f\u00fcr die M\u00f6belbranche von furnplan<\/title>\n<meta name=\"robots\" content=\"index, follow, max-snippet:-1, max-image-preview:large, max-video-preview:-1\" \/>\n<link rel=\"canonical\" href=\"https:\/\/dh-software.de\/fr\/protection-des-donnees\/\" \/>\n<meta property=\"og:locale\" content=\"fr_FR\" \/>\n<meta property=\"og:type\" content=\"article\" \/>\n<meta property=\"og:title\" content=\"Protection des donn\u00e9es - Innovative 3D-Planungssoftware f\u00fcr die M\u00f6belbranche von furnplan\" \/>\n<meta property=\"og:description\" content=\"Le service responsable au sens de la l\u00e9gislation sur la protection des donn\u00e9es est : D+H Software GmbH Collecte d&rsquo;informations g\u00e9n\u00e9rales Lorsque vous acc\u00e9dez \u00e0 notre site web, des informations de nature g\u00e9n\u00e9rale sont automatiquement collect\u00e9es. Ces informations (fichiers journaux du serveur) comprennent par exemple le type de navigateur web, le syst\u00e8me d&rsquo;exploitation utilis\u00e9, le [&hellip;]\" \/>\n<meta property=\"og:url\" content=\"https:\/\/dh-software.de\/fr\/protection-des-donnees\/\" \/>\n<meta property=\"og:site_name\" content=\"Innovative 3D-Planungssoftware f\u00fcr die M\u00f6belbranche von furnplan\" \/>\n<meta property=\"article:modified_time\" content=\"2025-07-15T10:11:10+00:00\" \/>\n<meta name=\"twitter:card\" content=\"summary_large_image\" \/>\n<meta name=\"twitter:label1\" content=\"Dur\u00e9e de lecture estim\u00e9e\" \/>\n\t<meta name=\"twitter:data1\" content=\"7 minutes\" \/>\n<script type=\"application\/ld+json\" class=\"yoast-schema-graph\">{\"@context\":\"https:\/\/schema.org\",\"@graph\":[{\"@type\":\"WebPage\",\"@id\":\"https:\/\/dh-software.de\/fr\/protection-des-donnees\/\",\"url\":\"https:\/\/dh-software.de\/fr\/protection-des-donnees\/\",\"name\":\"Protection des donn\u00e9es - Innovative 3D-Planungssoftware f\u00fcr die M\u00f6belbranche von furnplan\",\"isPartOf\":{\"@id\":\"https:\/\/dh-software.de\/fr\/#website\"},\"datePublished\":\"2024-05-23T13:10:59+00:00\",\"dateModified\":\"2025-07-15T10:11:10+00:00\",\"breadcrumb\":{\"@id\":\"https:\/\/dh-software.de\/fr\/protection-des-donnees\/#breadcrumb\"},\"inLanguage\":\"fr-FR\",\"potentialAction\":[{\"@type\":\"ReadAction\",\"target\":[\"https:\/\/dh-software.de\/fr\/protection-des-donnees\/\"]}]},{\"@type\":\"BreadcrumbList\",\"@id\":\"https:\/\/dh-software.de\/fr\/protection-des-donnees\/#breadcrumb\",\"itemListElement\":[{\"@type\":\"ListItem\",\"position\":1,\"name\":\"Startseite\",\"item\":\"https:\/\/dh-software.de\/fr\/\"},{\"@type\":\"ListItem\",\"position\":2,\"name\":\"Protection des donn\u00e9es\"}]},{\"@type\":\"WebSite\",\"@id\":\"https:\/\/dh-software.de\/fr\/#website\",\"url\":\"https:\/\/dh-software.de\/fr\/\",\"name\":\"Innovative 3D-Planungssoftware f\u00fcr die M\u00f6belbranche von furnplan\",\"description\":\"\",\"publisher\":{\"@id\":\"https:\/\/dh-software.de\/fr\/#organization\"},\"potentialAction\":[{\"@type\":\"SearchAction\",\"target\":{\"@type\":\"EntryPoint\",\"urlTemplate\":\"https:\/\/dh-software.de\/fr\/?s={search_term_string}\"},\"query-input\":{\"@type\":\"PropertyValueSpecification\",\"valueRequired\":true,\"valueName\":\"search_term_string\"}}],\"inLanguage\":\"fr-FR\"},{\"@type\":\"Organization\",\"@id\":\"https:\/\/dh-software.de\/fr\/#organization\",\"name\":\"Innovative 3D-Planungssoftware f\u00fcr die M\u00f6belbranche von furnplan\",\"url\":\"https:\/\/dh-software.de\/fr\/\",\"logo\":{\"@type\":\"ImageObject\",\"inLanguage\":\"fr-FR\",\"@id\":\"https:\/\/dh-software.de\/fr\/#\/schema\/logo\/image\/\",\"url\":\"https:\/\/dh-software.de\/wp-content\/uploads\/2023\/05\/logo_DH_RGB.png\",\"contentUrl\":\"https:\/\/dh-software.de\/wp-content\/uploads\/2023\/05\/logo_DH_RGB.png\",\"width\":162,\"height\":90,\"caption\":\"Innovative 3D-Planungssoftware f\u00fcr die M\u00f6belbranche von furnplan\"},\"image\":{\"@id\":\"https:\/\/dh-software.de\/fr\/#\/schema\/logo\/image\/\"}}]}<\/script>\n<!-- \/ Yoast SEO plugin. -->","yoast_head_json":{"title":"Protection des donn\u00e9es - Innovative 3D-Planungssoftware f\u00fcr die M\u00f6belbranche von furnplan","robots":{"index":"index","follow":"follow","max-snippet":"max-snippet:-1","max-image-preview":"max-image-preview:large","max-video-preview":"max-video-preview:-1"},"canonical":"https:\/\/dh-software.de\/fr\/protection-des-donnees\/","og_locale":"fr_FR","og_type":"article","og_title":"Protection des donn\u00e9es - Innovative 3D-Planungssoftware f\u00fcr die M\u00f6belbranche von furnplan","og_description":"Le service responsable au sens de la l\u00e9gislation sur la protection des donn\u00e9es est : D+H Software GmbH Collecte d&rsquo;informations g\u00e9n\u00e9rales Lorsque vous acc\u00e9dez \u00e0 notre site web, des informations de nature g\u00e9n\u00e9rale sont automatiquement collect\u00e9es. Ces informations (fichiers journaux du serveur) comprennent par exemple le type de navigateur web, le syst\u00e8me d&rsquo;exploitation utilis\u00e9, le [&hellip;]","og_url":"https:\/\/dh-software.de\/fr\/protection-des-donnees\/","og_site_name":"Innovative 3D-Planungssoftware f\u00fcr die M\u00f6belbranche von furnplan","article_modified_time":"2025-07-15T10:11:10+00:00","twitter_card":"summary_large_image","twitter_misc":{"Dur\u00e9e de lecture estim\u00e9e":"7 minutes"},"schema":{"@context":"https:\/\/schema.org","@graph":[{"@type":"WebPage","@id":"https:\/\/dh-software.de\/fr\/protection-des-donnees\/","url":"https:\/\/dh-software.de\/fr\/protection-des-donnees\/","name":"Protection des donn\u00e9es - Innovative 3D-Planungssoftware f\u00fcr die M\u00f6belbranche von furnplan","isPartOf":{"@id":"https:\/\/dh-software.de\/fr\/#website"},"datePublished":"2024-05-23T13:10:59+00:00","dateModified":"2025-07-15T10:11:10+00:00","breadcrumb":{"@id":"https:\/\/dh-software.de\/fr\/protection-des-donnees\/#breadcrumb"},"inLanguage":"fr-FR","potentialAction":[{"@type":"ReadAction","target":["https:\/\/dh-software.de\/fr\/protection-des-donnees\/"]}]},{"@type":"BreadcrumbList","@id":"https:\/\/dh-software.de\/fr\/protection-des-donnees\/#breadcrumb","itemListElement":[{"@type":"ListItem","position":1,"name":"Startseite","item":"https:\/\/dh-software.de\/fr\/"},{"@type":"ListItem","position":2,"name":"Protection des donn\u00e9es"}]},{"@type":"WebSite","@id":"https:\/\/dh-software.de\/fr\/#website","url":"https:\/\/dh-software.de\/fr\/","name":"Innovative 3D-Planungssoftware f\u00fcr die M\u00f6belbranche von furnplan","description":"","publisher":{"@id":"https:\/\/dh-software.de\/fr\/#organization"},"potentialAction":[{"@type":"SearchAction","target":{"@type":"EntryPoint","urlTemplate":"https:\/\/dh-software.de\/fr\/?s={search_term_string}"},"query-input":{"@type":"PropertyValueSpecification","valueRequired":true,"valueName":"search_term_string"}}],"inLanguage":"fr-FR"},{"@type":"Organization","@id":"https:\/\/dh-software.de\/fr\/#organization","name":"Innovative 3D-Planungssoftware f\u00fcr die M\u00f6belbranche von furnplan","url":"https:\/\/dh-software.de\/fr\/","logo":{"@type":"ImageObject","inLanguage":"fr-FR","@id":"https:\/\/dh-software.de\/fr\/#\/schema\/logo\/image\/","url":"https:\/\/dh-software.de\/wp-content\/uploads\/2023\/05\/logo_DH_RGB.png","contentUrl":"https:\/\/dh-software.de\/wp-content\/uploads\/2023\/05\/logo_DH_RGB.png","width":162,"height":90,"caption":"Innovative 3D-Planungssoftware f\u00fcr die M\u00f6belbranche von furnplan"},"image":{"@id":"https:\/\/dh-software.de\/fr\/#\/schema\/logo\/image\/"}}]}},"_links":{"self":[{"href":"https:\/\/dh-software.de\/fr\/wp-json\/wp\/v2\/pages\/15035","targetHints":{"allow":["GET"]}}],"collection":[{"href":"https:\/\/dh-software.de\/fr\/wp-json\/wp\/v2\/pages"}],"about":[{"href":"https:\/\/dh-software.de\/fr\/wp-json\/wp\/v2\/types\/page"}],"author":[{"embeddable":true,"href":"https:\/\/dh-software.de\/fr\/wp-json\/wp\/v2\/users\/1"}],"replies":[{"embeddable":true,"href":"https:\/\/dh-software.de\/fr\/wp-json\/wp\/v2\/comments?post=15035"}],"version-history":[{"count":1,"href":"https:\/\/dh-software.de\/fr\/wp-json\/wp\/v2\/pages\/15035\/revisions"}],"predecessor-version":[{"id":17210,"href":"https:\/\/dh-software.de\/fr\/wp-json\/wp\/v2\/pages\/15035\/revisions\/17210"}],"wp:attachment":[{"href":"https:\/\/dh-software.de\/fr\/wp-json\/wp\/v2\/media?parent=15035"}],"curies":[{"name":"wp","href":"https:\/\/api.w.org\/{rel}","templated":true}]}}