{"id":15037,"date":"2024-05-23T15:10:23","date_gmt":"2024-05-23T13:10:23","guid":{"rendered":"https:\/\/dh-software.de\/mentions-legales\/"},"modified":"2024-05-23T15:10:23","modified_gmt":"2024-05-23T13:10:23","slug":"mentions-legales","status":"publish","type":"page","link":"https:\/\/dh-software.de\/fr\/mentions-legales\/","title":{"rendered":"Mentions l\u00e9gales"},"content":{"rendered":"<h3>D+H Software GmbH<\/h3>\n<p>  R\u00f6nacker 2 48619 Heek-Nienborg Germany T\u00e9l. : +49 (0) 2568\/9320-0 E-mail :<br \/>\n<a title=\"Envoyez-nous un e-mail !\" href=\"mailto:info@furnplan.de\">info@furnplan.de<\/a><a href=\"http:\/\/www.furnplan.de\/\"><strong>www.furnplan.de<\/strong><\/a><strong>Direction :<\/strong> Reinhard Heuing Werner Depenbrock Registre du commerce : Tribunal d&rsquo;instance de Coesfeld, HRB 3475 Num\u00e9ro de TVA conform\u00e9ment au \u00a7 27a de la loi allemande sur la TVA : DE192959340   <\/p>\n<hr>\n<h2>Clause de non-responsabilit\u00e9<\/h2>\n<p><strong>Responsabilit\u00e9 pour le contenu<\/strong> Le contenu de nos pages a \u00e9t\u00e9 \u00e9labor\u00e9 avec le plus grand soin.<br \/>\nNous ne pouvons toutefois pas garantir l&rsquo;exactitude, l&rsquo;exhaustivit\u00e9 et l&rsquo;actualit\u00e9 des contenus.<br \/>\nEn tant que prestataire de services, nous sommes responsables, conform\u00e9ment au \u00a7 7 Abs.1<br \/>\nTMG, nous sommes responsables de nos propres contenus sur ces pages conform\u00e9ment aux lois g\u00e9n\u00e9rales.<br \/>\nConform\u00e9ment aux \u00a7\u00a7 8 \u00e0 10 de la TMG, nous ne sommes toutefois pas tenus, en tant que prestataire de services, de surveiller les informations externes transmises ou enregistr\u00e9es ou de rechercher les circonstances qui indiquent une activit\u00e9 ill\u00e9gale.<br \/>\nL&rsquo;obligation de supprimer ou de bloquer l&rsquo;utilisation d&rsquo;informations conform\u00e9ment aux lois g\u00e9n\u00e9rales reste inchang\u00e9e.<br \/>\nUne responsabilit\u00e9 \u00e0 cet \u00e9gard n&rsquo;est toutefois possible qu&rsquo;\u00e0 partir du moment o\u00f9 une violation concr\u00e8te de la loi est connue.<br \/>\nD\u00e8s que nous aurons connaissance d&rsquo;une telle violation, nous supprimerons imm\u00e9diatement le contenu en question. <strong>Responsabilit\u00e9 pour les liens<\/strong> Notre offre contient des liens vers des sites web externes de tiers, sur lesquels nous n&rsquo;avons aucune influence.<br \/>\nNous ne pouvons donc pas nous porter garants de ces contenus externes.<br \/>\nLe fournisseur ou l&rsquo;exploitant des pages li\u00e9es est toujours responsable du contenu de ces pages.<br \/>\nLes pages li\u00e9es ont \u00e9t\u00e9 v\u00e9rifi\u00e9es au moment de la cr\u00e9ation du lien afin de s&rsquo;assurer qu&rsquo;elles n&rsquo;enfreignaient pas la loi.<br \/>\nAucun contenu ill\u00e9gal n&rsquo;a \u00e9t\u00e9 identifi\u00e9 au moment de la cr\u00e9ation du lien.<br \/>\nUn contr\u00f4le permanent du contenu des pages li\u00e9es n&rsquo;est cependant pas exigible sans indices concrets d&rsquo;une violation de la loi.<br \/>\nSi nous prenons connaissance d&rsquo;une violation de la loi, nous supprimerons imm\u00e9diatement les liens concern\u00e9s. <strong>Droits d&rsquo;auteur<\/strong> Les contenus et les \u0153uvres cr\u00e9\u00e9s par les exploitants de ces pages sont soumis au droit d&rsquo;auteur allemand.<br \/>\nLa reproduction, le traitement, la diffusion et tout type d&rsquo;exploitation en dehors des limites du droit d&rsquo;auteur n\u00e9cessitent l&rsquo;accord \u00e9crit de l&rsquo;auteur ou du cr\u00e9ateur concern\u00e9.<br \/>\nLes t\u00e9l\u00e9chargements et les copies de ce site ne sont autoris\u00e9s que pour un usage priv\u00e9 et non commercial.<br \/>\nDans la mesure o\u00f9 les contenus de ce site n&rsquo;ont pas \u00e9t\u00e9 cr\u00e9\u00e9s par l&rsquo;exploitant, les droits d&rsquo;auteur de tiers sont respect\u00e9s.<br \/>\nEn particulier, les contenus de tiers sont identifi\u00e9s comme tels.<br \/>\nSi vous deviez n\u00e9anmoins constater une violation des droits d&rsquo;auteur, nous vous prions de nous en informer.<br \/>\nD\u00e8s que nous aurons connaissance d&rsquo;une violation de la loi, nous supprimerons imm\u00e9diatement le contenu en question. <strong>Protection des donn\u00e9es<\/strong> L&rsquo;utilisation de notre site web est en g\u00e9n\u00e9ral possible sans indication de donn\u00e9es personnelles.<br \/>\nDans la mesure o\u00f9 des donn\u00e9es personnelles (par exemple nom, adresse ou adresse e-mail) sont collect\u00e9es sur notre site, cela se fait toujours, dans la mesure du possible, sur une base volontaire.<br \/>\nCes donn\u00e9es ne sont pas transmises \u00e0 des tiers sans votre accord explicite.<br \/>\nNous attirons votre attention sur le fait que la transmission de donn\u00e9es sur Internet (par ex. lors de la communication par e-mail) peut pr\u00e9senter des failles de s\u00e9curit\u00e9.<br \/>\nUne protection compl\u00e8te des donn\u00e9es contre l&rsquo;acc\u00e8s par des tiers n&rsquo;est pas possible.<br \/>\nL&rsquo;utilisation par des tiers des donn\u00e9es de contact publi\u00e9es dans le cadre des mentions l\u00e9gales obligatoires pour l&rsquo;envoi de publicit\u00e9 et de mat\u00e9riel d&rsquo;information non express\u00e9ment demand\u00e9s est express\u00e9ment interdite.                         Les exploitants du site se r\u00e9servent express\u00e9ment le droit d&rsquo;engager des poursuites judiciaires en cas d&rsquo;envoi non sollicit\u00e9 d&rsquo;informations publicitaires, par exemple par le biais de spams.<br \/>\nCe site utilise Google Analytics, un service d&rsquo;analyse de site internet fourni par Google Inc.<br \/>\n(\u00ab\u00a0Google\u00a0\u00bb).<br \/>\nGoogle Analytics utilise des \u00ab\u00a0cookies\u00a0\u00bb, des fichiers texte qui sont stock\u00e9s sur votre ordinateur et qui permettent d&rsquo;analyser votre utilisation du site Web.<br \/>\nLes donn\u00e9es g\u00e9n\u00e9r\u00e9es par les cookies concernant votre utilisation du site (y compris votre adresse IP) seront transmises et stock\u00e9es par Google sur des serveurs situ\u00e9s aux Etats-Unis.<br \/>\nGoogle utilisera cette information dans le but d&rsquo;\u00e9valuer votre utilisation du site, de compiler des rapports sur l&rsquo;activit\u00e9 du site \u00e0 destination de son \u00e9diteur et de fournir d&rsquo;autres services relatifs \u00e0 l&rsquo;activit\u00e9 du site et \u00e0 l&rsquo;utilisation d&rsquo;Internet.<br \/>\nGoogle est susceptible de communiquer ces donn\u00e9es \u00e0 des tiers en cas d&rsquo;obligation l\u00e9gale ou lorsque ces tiers traitent ces donn\u00e9es pour le compte de Google.<br \/>\nGoogle n&rsquo;associera en aucun cas votre adresse IP \u00e0 d&rsquo;autres donn\u00e9es de Google.<br \/>\nVous pouvez emp\u00eacher l&rsquo;installation des cookies en param\u00e9trant votre navigateur en cons\u00e9quence ; nous attirons toutefois votre attention sur le fait que, dans ce cas, vous ne pourrez peut-\u00eatre pas utiliser toutes les fonctions de ce site web dans leur int\u00e9gralit\u00e9.<br \/>\nEn utilisant ce site, vous consentez express\u00e9ment au traitement de vos donn\u00e9es nominatives par Google dans les conditions et pour les finalit\u00e9s d\u00e9crites ci-dessus.           <\/p>\n<h5><strong>Source : <\/strong>eRecht24.de &#8211; Droit Internet de l&rsquo;<a href=\"http:\/\/www.e-recht24.de\/\" target=\"_blank\" rel=\"noopener noreferrer\">avocat<\/a> S\u00f6ren Siebert<\/h5>\n","protected":false},"excerpt":{"rendered":"<p>D+H Software GmbH R\u00f6nacker 2 48619 Heek-Nienborg Germany T\u00e9l. : +49 (0) 2568\/9320-0 E-mail : info@furnplan.dewww.furnplan.deDirection : Reinhard Heuing Werner Depenbrock Registre du commerce : Tribunal d&rsquo;instance de Coesfeld, HRB 3475 Num\u00e9ro de TVA conform\u00e9ment au \u00a7 27a de la loi allemande sur la TVA : DE192959340 Clause de non-responsabilit\u00e9 Responsabilit\u00e9 pour le contenu Le [&hellip;]<\/p>\n","protected":false},"author":1,"featured_media":0,"parent":0,"menu_order":0,"comment_status":"closed","ping_status":"closed","template":"","meta":{"_acf_changed":false,"footnotes":""},"class_list":["post-15037","page","type-page","status-publish","hentry"],"acf":[],"yoast_head":"<!-- This site is optimized with the Yoast SEO plugin v27.0 - https:\/\/yoast.com\/product\/yoast-seo-wordpress\/ -->\n<title>Mentions l\u00e9gales - Innovative 3D-Planungssoftware f\u00fcr die M\u00f6belbranche von furnplan<\/title>\n<meta name=\"robots\" content=\"index, follow, max-snippet:-1, max-image-preview:large, max-video-preview:-1\" \/>\n<link rel=\"canonical\" href=\"https:\/\/dh-software.de\/fr\/mentions-legales\/\" \/>\n<meta property=\"og:locale\" content=\"fr_FR\" \/>\n<meta property=\"og:type\" content=\"article\" \/>\n<meta property=\"og:title\" content=\"Mentions l\u00e9gales - Innovative 3D-Planungssoftware f\u00fcr die M\u00f6belbranche von furnplan\" \/>\n<meta property=\"og:description\" content=\"D+H Software GmbH R\u00f6nacker 2 48619 Heek-Nienborg Germany T\u00e9l. : +49 (0) 2568\/9320-0 E-mail : info@furnplan.dewww.furnplan.deDirection : Reinhard Heuing Werner Depenbrock Registre du commerce : Tribunal d&rsquo;instance de Coesfeld, HRB 3475 Num\u00e9ro de TVA conform\u00e9ment au \u00a7 27a de la loi allemande sur la TVA : DE192959340 Clause de non-responsabilit\u00e9 Responsabilit\u00e9 pour le contenu Le [&hellip;]\" \/>\n<meta property=\"og:url\" content=\"https:\/\/dh-software.de\/fr\/mentions-legales\/\" \/>\n<meta property=\"og:site_name\" content=\"Innovative 3D-Planungssoftware f\u00fcr die M\u00f6belbranche von furnplan\" \/>\n<meta name=\"twitter:card\" content=\"summary_large_image\" \/>\n<meta name=\"twitter:label1\" content=\"Dur\u00e9e de lecture estim\u00e9e\" \/>\n\t<meta name=\"twitter:data1\" content=\"4 minutes\" \/>\n<script type=\"application\/ld+json\" class=\"yoast-schema-graph\">{\"@context\":\"https:\/\/schema.org\",\"@graph\":[{\"@type\":\"WebPage\",\"@id\":\"https:\/\/dh-software.de\/fr\/mentions-legales\/\",\"url\":\"https:\/\/dh-software.de\/fr\/mentions-legales\/\",\"name\":\"Mentions l\u00e9gales - Innovative 3D-Planungssoftware f\u00fcr die M\u00f6belbranche von furnplan\",\"isPartOf\":{\"@id\":\"https:\/\/dh-software.de\/fr\/#website\"},\"datePublished\":\"2024-05-23T13:10:23+00:00\",\"breadcrumb\":{\"@id\":\"https:\/\/dh-software.de\/fr\/mentions-legales\/#breadcrumb\"},\"inLanguage\":\"fr-FR\",\"potentialAction\":[{\"@type\":\"ReadAction\",\"target\":[\"https:\/\/dh-software.de\/fr\/mentions-legales\/\"]}]},{\"@type\":\"BreadcrumbList\",\"@id\":\"https:\/\/dh-software.de\/fr\/mentions-legales\/#breadcrumb\",\"itemListElement\":[{\"@type\":\"ListItem\",\"position\":1,\"name\":\"Startseite\",\"item\":\"https:\/\/dh-software.de\/fr\/\"},{\"@type\":\"ListItem\",\"position\":2,\"name\":\"Mentions l\u00e9gales\"}]},{\"@type\":\"WebSite\",\"@id\":\"https:\/\/dh-software.de\/fr\/#website\",\"url\":\"https:\/\/dh-software.de\/fr\/\",\"name\":\"Innovative 3D-Planungssoftware f\u00fcr die M\u00f6belbranche von furnplan\",\"description\":\"\",\"publisher\":{\"@id\":\"https:\/\/dh-software.de\/fr\/#organization\"},\"potentialAction\":[{\"@type\":\"SearchAction\",\"target\":{\"@type\":\"EntryPoint\",\"urlTemplate\":\"https:\/\/dh-software.de\/fr\/?s={search_term_string}\"},\"query-input\":{\"@type\":\"PropertyValueSpecification\",\"valueRequired\":true,\"valueName\":\"search_term_string\"}}],\"inLanguage\":\"fr-FR\"},{\"@type\":\"Organization\",\"@id\":\"https:\/\/dh-software.de\/fr\/#organization\",\"name\":\"Innovative 3D-Planungssoftware f\u00fcr die M\u00f6belbranche von furnplan\",\"url\":\"https:\/\/dh-software.de\/fr\/\",\"logo\":{\"@type\":\"ImageObject\",\"inLanguage\":\"fr-FR\",\"@id\":\"https:\/\/dh-software.de\/fr\/#\/schema\/logo\/image\/\",\"url\":\"https:\/\/dh-software.de\/wp-content\/uploads\/2023\/05\/logo_DH_RGB.png\",\"contentUrl\":\"https:\/\/dh-software.de\/wp-content\/uploads\/2023\/05\/logo_DH_RGB.png\",\"width\":162,\"height\":90,\"caption\":\"Innovative 3D-Planungssoftware f\u00fcr die M\u00f6belbranche von furnplan\"},\"image\":{\"@id\":\"https:\/\/dh-software.de\/fr\/#\/schema\/logo\/image\/\"}}]}<\/script>\n<!-- \/ Yoast SEO plugin. -->","yoast_head_json":{"title":"Mentions l\u00e9gales - Innovative 3D-Planungssoftware f\u00fcr die M\u00f6belbranche von furnplan","robots":{"index":"index","follow":"follow","max-snippet":"max-snippet:-1","max-image-preview":"max-image-preview:large","max-video-preview":"max-video-preview:-1"},"canonical":"https:\/\/dh-software.de\/fr\/mentions-legales\/","og_locale":"fr_FR","og_type":"article","og_title":"Mentions l\u00e9gales - Innovative 3D-Planungssoftware f\u00fcr die M\u00f6belbranche von furnplan","og_description":"D+H Software GmbH R\u00f6nacker 2 48619 Heek-Nienborg Germany T\u00e9l. : +49 (0) 2568\/9320-0 E-mail : info@furnplan.dewww.furnplan.deDirection : Reinhard Heuing Werner Depenbrock Registre du commerce : Tribunal d&rsquo;instance de Coesfeld, HRB 3475 Num\u00e9ro de TVA conform\u00e9ment au \u00a7 27a de la loi allemande sur la TVA : DE192959340 Clause de non-responsabilit\u00e9 Responsabilit\u00e9 pour le contenu Le [&hellip;]","og_url":"https:\/\/dh-software.de\/fr\/mentions-legales\/","og_site_name":"Innovative 3D-Planungssoftware f\u00fcr die M\u00f6belbranche von furnplan","twitter_card":"summary_large_image","twitter_misc":{"Dur\u00e9e de lecture estim\u00e9e":"4 minutes"},"schema":{"@context":"https:\/\/schema.org","@graph":[{"@type":"WebPage","@id":"https:\/\/dh-software.de\/fr\/mentions-legales\/","url":"https:\/\/dh-software.de\/fr\/mentions-legales\/","name":"Mentions l\u00e9gales - Innovative 3D-Planungssoftware f\u00fcr die M\u00f6belbranche von furnplan","isPartOf":{"@id":"https:\/\/dh-software.de\/fr\/#website"},"datePublished":"2024-05-23T13:10:23+00:00","breadcrumb":{"@id":"https:\/\/dh-software.de\/fr\/mentions-legales\/#breadcrumb"},"inLanguage":"fr-FR","potentialAction":[{"@type":"ReadAction","target":["https:\/\/dh-software.de\/fr\/mentions-legales\/"]}]},{"@type":"BreadcrumbList","@id":"https:\/\/dh-software.de\/fr\/mentions-legales\/#breadcrumb","itemListElement":[{"@type":"ListItem","position":1,"name":"Startseite","item":"https:\/\/dh-software.de\/fr\/"},{"@type":"ListItem","position":2,"name":"Mentions l\u00e9gales"}]},{"@type":"WebSite","@id":"https:\/\/dh-software.de\/fr\/#website","url":"https:\/\/dh-software.de\/fr\/","name":"Innovative 3D-Planungssoftware f\u00fcr die M\u00f6belbranche von furnplan","description":"","publisher":{"@id":"https:\/\/dh-software.de\/fr\/#organization"},"potentialAction":[{"@type":"SearchAction","target":{"@type":"EntryPoint","urlTemplate":"https:\/\/dh-software.de\/fr\/?s={search_term_string}"},"query-input":{"@type":"PropertyValueSpecification","valueRequired":true,"valueName":"search_term_string"}}],"inLanguage":"fr-FR"},{"@type":"Organization","@id":"https:\/\/dh-software.de\/fr\/#organization","name":"Innovative 3D-Planungssoftware f\u00fcr die M\u00f6belbranche von furnplan","url":"https:\/\/dh-software.de\/fr\/","logo":{"@type":"ImageObject","inLanguage":"fr-FR","@id":"https:\/\/dh-software.de\/fr\/#\/schema\/logo\/image\/","url":"https:\/\/dh-software.de\/wp-content\/uploads\/2023\/05\/logo_DH_RGB.png","contentUrl":"https:\/\/dh-software.de\/wp-content\/uploads\/2023\/05\/logo_DH_RGB.png","width":162,"height":90,"caption":"Innovative 3D-Planungssoftware f\u00fcr die M\u00f6belbranche von furnplan"},"image":{"@id":"https:\/\/dh-software.de\/fr\/#\/schema\/logo\/image\/"}}]}},"_links":{"self":[{"href":"https:\/\/dh-software.de\/fr\/wp-json\/wp\/v2\/pages\/15037","targetHints":{"allow":["GET"]}}],"collection":[{"href":"https:\/\/dh-software.de\/fr\/wp-json\/wp\/v2\/pages"}],"about":[{"href":"https:\/\/dh-software.de\/fr\/wp-json\/wp\/v2\/types\/page"}],"author":[{"embeddable":true,"href":"https:\/\/dh-software.de\/fr\/wp-json\/wp\/v2\/users\/1"}],"replies":[{"embeddable":true,"href":"https:\/\/dh-software.de\/fr\/wp-json\/wp\/v2\/comments?post=15037"}],"version-history":[{"count":0,"href":"https:\/\/dh-software.de\/fr\/wp-json\/wp\/v2\/pages\/15037\/revisions"}],"wp:attachment":[{"href":"https:\/\/dh-software.de\/fr\/wp-json\/wp\/v2\/media?parent=15037"}],"curies":[{"name":"wp","href":"https:\/\/api.w.org\/{rel}","templated":true}]}}