{"id":12810,"date":"2024-05-23T15:10:23","date_gmt":"2024-05-23T13:10:23","guid":{"rendered":"https:\/\/dh.heska.mp\/afdruk\/"},"modified":"2024-07-09T16:51:11","modified_gmt":"2024-07-09T14:51:11","slug":"afdruk","status":"publish","type":"page","link":"https:\/\/dh-software.de\/nl\/afdruk\/","title":{"rendered":"Afdruk"},"content":{"rendered":"<h3>D+H Software GmbH<\/h3>\n<p>R\u00f6nacker 2<br \/>\n48619 Heek-Nienborg<br \/>\nDuitsland<\/p>\n<p>Telefoon: +49 (0) 2568\/9320-0<br \/>\nE-mail: <a title=\"Stuur ons een e-mail!\" href=\"mailto:info@furnplan.de\">info@furnplan.de<\/a><\/p>\n<p><a href=\"http:\/\/www.furnplan.de\/\"><strong>www.furnplan.de<\/strong><\/a><\/p>\n<p><strong>Beheer:<\/strong><br \/>\nDipl.-Ing. Reinhard Heuing<br \/>\nWerner Depenbrock<\/p>\n<p>Handelsregister: Rechtbank Coesfeld, HRB 3475<br \/>\nBTW-nummer volgens \u00a7 27a UstG: DE192959340<\/p>\n<hr>\n<h2>Disclaimer<\/h2>\n<p><strong>Aansprakelijkheid voor inhoud<\/strong><\/p>\n<p>De inhoud van onze pagina&#8217;s is met de grootste zorg gemaakt. We kunnen echter geen aansprakelijkheid aanvaarden voor de juistheid, volledigheid en actualiteit van de inhoud.<\/p>\n<p>Als dienstverlener zijn we verplicht volgens \u00a7 7 para.1 TMG is verantwoordelijk voor zijn eigen inhoud op deze pagina&#8217;s volgens de algemene wetten. Volgens \u00a7\u00a7 8 tot 10 TMG zijn wij als dienstverlener echter niet verplicht om doorgegeven of opgeslagen informatie van derden te controleren of omstandigheden te onderzoeken die duiden op illegale activiteiten. Verplichtingen om informatie te verwijderen of het gebruik ervan te blokkeren in overeenstemming met de algemene wetgeving blijven hierdoor onaangetast. Aansprakelijkheid in dit verband is echter alleen mogelijk vanaf het moment dat kennis wordt genomen van een specifieke inbreuk. Zodra we ons bewust worden van dergelijke inbreuken, zullen we deze inhoud onmiddellijk verwijderen.<\/p>\n<p><strong>Aansprakelijkheid voor links<\/strong><\/p>\n<p>Onze website bevat links naar externe websites van derden op de inhoud waarvan wij geen invloed hebben. Daarom kunnen we geen aansprakelijkheid aanvaarden voor deze inhoud van derden. De respectieve aanbieder of exploitant van de pagina&#8217;s is altijd verantwoordelijk voor de inhoud van de gekoppelde pagina&#8217;s. De gelinkte pagina&#8217;s werden op het moment van koppelen gecontroleerd op mogelijke wetsovertredingen. Illegale inhoud was op het moment van koppelen niet herkenbaar. Een permanente controle van de inhoud van de gelinkte pagina&#8217;s is echter niet redelijk zonder concreet bewijs van een inbreuk. Als we ons bewust worden van wettelijke overtredingen, zullen we dergelijke links onmiddellijk verwijderen.<\/p>\n<p><strong>Copyright<\/strong><\/p>\n<p>De inhoud en werken die door de sitebeheerders op deze pagina&#8217;s zijn gemaakt, vallen onder het Duitse auteursrecht. Reproductie, bewerking, verspreiding en elke vorm van gebruik buiten de grenzen van het auteursrecht vereisen de schriftelijke toestemming van de respectieve auteur of maker. Downloads en kopie\u00ebn van deze site zijn alleen toegestaan voor priv\u00e9-, niet-commercieel gebruik. Voor zover de inhoud op deze site niet door de exploitant is gemaakt, worden de auteursrechten van derden gerespecteerd. Inhoud van derden wordt als zodanig gemarkeerd. Mocht u zich desondanks bewust worden van een inbreuk op het auteursrecht, dan verzoeken wij u ons hiervan op de hoogte te stellen. Als we ons bewust worden van wettelijke overtredingen, zullen we dergelijke inhoud onmiddellijk verwijderen.<\/p>\n<p><strong>Gegevensbescherming<\/strong><\/p>\n<p>Het gebruik van onze website is over het algemeen mogelijk zonder persoonsgegevens te verstrekken. Voor zover op onze website persoonlijke gegevens (bijv. naam, adres of e-mailadressen) worden verzameld, gebeurt dit voor zover mogelijk altijd op vrijwillige basis. Deze gegevens worden niet doorgegeven aan derden zonder uw uitdrukkelijke toestemming.<\/p>\n<p>We willen erop wijzen dat gegevensoverdracht via het internet (bijvoorbeeld bij communicatie per e-mail) veiligheidsleemten kan vertonen. Volledige bescherming van gegevens tegen toegang door derden is niet mogelijk.<\/p>\n<p>Wij verbieden hierbij uitdrukkelijk het gebruik van contactgegevens die in het kader van de impressumplicht zijn gepubliceerd door derden voor het versturen van ongevraagd reclame- en informatiemateriaal. De beheerders van deze website behouden zich uitdrukkelijk het recht voor om juridische stappen te ondernemen in geval van ongevraagde toezending van reclame-informatie, zoals spam e-mails.<\/p>\n<p>Deze website maakt gebruik van Google Analytics, een webanalysedienst van Google Inc. (&#8220;Google&#8221;) Google Analytics maakt gebruik van &#8220;cookies&#8221; (tekstbestandjes die op uw computer worden geplaatst) om de website te helpen analyseren hoe gebruikers de site gebruiken. De door het cookie gegenereerde informatie over uw gebruik van de website (met inbegrip van uw IP-adres) wordt overgebracht naar en door Google opgeslagen op servers in de Verenigde Staten. Google gebruikt deze informatie om bij te houden hoe u de website gebruikt, rapporten over de website-activiteit op te stellen voor website-exploitanten en andere diensten aan te bieden met betrekking tot website-activiteit en internetgebruik. Google mag deze informatie aan derden verschaffen indien Google hiertoe wettelijk wordt verplicht, of voor zover deze derden de informatie namens Google verwerken. Google zal uw IP-adres niet combineren met andere gegevens waarover Google beschikt. U kunt het gebruik van cookies weigeren door in uw browser de daarvoor ge\u00ebigende instellingen te kiezen. Wij wijzen u er echter op dat u in dat geval wellicht niet alle mogelijkheden van deze website kunt benutten. Door gebruik te maken van deze website geeft u toestemming voor het verwerken van de informatie door Google op de wijze en voor de doeleinden zoals hiervoor omschreven.<\/p>\n<h5><strong>Bron: <\/strong>eRecht24.de &#8211; Internetrecht door <a href=\"http:\/\/www.e-recht24.de\/\" target=\"_blank\" rel=\"noopener noreferrer\">advocaat<\/a> S\u00f6ren Siebert<\/h5>\n","protected":false},"excerpt":{"rendered":"<p>D+H Software GmbH R\u00f6nacker 2 48619 Heek-Nienborg Duitsland Telefoon: +49 (0) 2568\/9320-0 E-mail: info@furnplan.de www.furnplan.de Beheer: Dipl.-Ing. Reinhard Heuing Werner Depenbrock Handelsregister: Rechtbank Coesfeld, HRB 3475 BTW-nummer volgens \u00a7 27a UstG: DE192959340 Disclaimer Aansprakelijkheid voor inhoud De inhoud van onze pagina&#8217;s is met de grootste zorg gemaakt. We kunnen echter geen aansprakelijkheid aanvaarden voor de [&hellip;]<\/p>\n","protected":false},"author":1,"featured_media":0,"parent":0,"menu_order":0,"comment_status":"closed","ping_status":"closed","template":"","meta":{"_acf_changed":false,"footnotes":""},"class_list":["post-12810","page","type-page","status-publish","hentry"],"acf":[],"yoast_head":"<!-- This site is optimized with the Yoast SEO plugin v27.0 - https:\/\/yoast.com\/product\/yoast-seo-wordpress\/ -->\n<title>Afdruk - Innovative 3D-Planungssoftware f\u00fcr die M\u00f6belbranche von furnplan<\/title>\n<meta name=\"robots\" content=\"index, follow, max-snippet:-1, max-image-preview:large, max-video-preview:-1\" \/>\n<link rel=\"canonical\" href=\"https:\/\/dh-software.de\/nl\/afdruk\/\" \/>\n<meta property=\"og:locale\" content=\"nl_NL\" \/>\n<meta property=\"og:type\" content=\"article\" \/>\n<meta property=\"og:title\" content=\"Afdruk - Innovative 3D-Planungssoftware f\u00fcr die M\u00f6belbranche von furnplan\" \/>\n<meta property=\"og:description\" content=\"D+H Software GmbH R\u00f6nacker 2 48619 Heek-Nienborg Duitsland Telefoon: +49 (0) 2568\/9320-0 E-mail: info@furnplan.de www.furnplan.de Beheer: Dipl.-Ing. Reinhard Heuing Werner Depenbrock Handelsregister: Rechtbank Coesfeld, HRB 3475 BTW-nummer volgens \u00a7 27a UstG: DE192959340 Disclaimer Aansprakelijkheid voor inhoud De inhoud van onze pagina&#8217;s is met de grootste zorg gemaakt. We kunnen echter geen aansprakelijkheid aanvaarden voor de [&hellip;]\" \/>\n<meta property=\"og:url\" content=\"https:\/\/dh-software.de\/nl\/afdruk\/\" \/>\n<meta property=\"og:site_name\" content=\"Innovative 3D-Planungssoftware f\u00fcr die M\u00f6belbranche von furnplan\" \/>\n<meta property=\"article:modified_time\" content=\"2024-07-09T14:51:11+00:00\" \/>\n<meta name=\"twitter:card\" content=\"summary_large_image\" \/>\n<meta name=\"twitter:label1\" content=\"Geschatte leestijd\" \/>\n\t<meta name=\"twitter:data1\" content=\"4 minuut\" \/>\n<script type=\"application\/ld+json\" class=\"yoast-schema-graph\">{\"@context\":\"https:\/\/schema.org\",\"@graph\":[{\"@type\":\"WebPage\",\"@id\":\"https:\/\/dh-software.de\/nl\/afdruk\/\",\"url\":\"https:\/\/dh-software.de\/nl\/afdruk\/\",\"name\":\"Afdruk - Innovative 3D-Planungssoftware f\u00fcr die M\u00f6belbranche von furnplan\",\"isPartOf\":{\"@id\":\"https:\/\/dh-software.de\/nl\/#website\"},\"datePublished\":\"2024-05-23T13:10:23+00:00\",\"dateModified\":\"2024-07-09T14:51:11+00:00\",\"breadcrumb\":{\"@id\":\"https:\/\/dh-software.de\/nl\/afdruk\/#breadcrumb\"},\"inLanguage\":\"nl-NL\",\"potentialAction\":[{\"@type\":\"ReadAction\",\"target\":[\"https:\/\/dh-software.de\/nl\/afdruk\/\"]}]},{\"@type\":\"BreadcrumbList\",\"@id\":\"https:\/\/dh-software.de\/nl\/afdruk\/#breadcrumb\",\"itemListElement\":[{\"@type\":\"ListItem\",\"position\":1,\"name\":\"Startseite\",\"item\":\"https:\/\/dh-software.de\/nl\/\"},{\"@type\":\"ListItem\",\"position\":2,\"name\":\"Afdruk\"}]},{\"@type\":\"WebSite\",\"@id\":\"https:\/\/dh-software.de\/nl\/#website\",\"url\":\"https:\/\/dh-software.de\/nl\/\",\"name\":\"Innovative 3D-Planungssoftware f\u00fcr die M\u00f6belbranche von furnplan\",\"description\":\"\",\"publisher\":{\"@id\":\"https:\/\/dh-software.de\/nl\/#organization\"},\"potentialAction\":[{\"@type\":\"SearchAction\",\"target\":{\"@type\":\"EntryPoint\",\"urlTemplate\":\"https:\/\/dh-software.de\/nl\/?s={search_term_string}\"},\"query-input\":{\"@type\":\"PropertyValueSpecification\",\"valueRequired\":true,\"valueName\":\"search_term_string\"}}],\"inLanguage\":\"nl-NL\"},{\"@type\":\"Organization\",\"@id\":\"https:\/\/dh-software.de\/nl\/#organization\",\"name\":\"Innovative 3D-Planungssoftware f\u00fcr die M\u00f6belbranche von furnplan\",\"url\":\"https:\/\/dh-software.de\/nl\/\",\"logo\":{\"@type\":\"ImageObject\",\"inLanguage\":\"nl-NL\",\"@id\":\"https:\/\/dh-software.de\/nl\/#\/schema\/logo\/image\/\",\"url\":\"https:\/\/dh-software.de\/wp-content\/uploads\/2023\/05\/logo_DH_RGB.png\",\"contentUrl\":\"https:\/\/dh-software.de\/wp-content\/uploads\/2023\/05\/logo_DH_RGB.png\",\"width\":162,\"height\":90,\"caption\":\"Innovative 3D-Planungssoftware f\u00fcr die M\u00f6belbranche von furnplan\"},\"image\":{\"@id\":\"https:\/\/dh-software.de\/nl\/#\/schema\/logo\/image\/\"}}]}<\/script>\n<!-- \/ Yoast SEO plugin. -->","yoast_head_json":{"title":"Afdruk - Innovative 3D-Planungssoftware f\u00fcr die M\u00f6belbranche von furnplan","robots":{"index":"index","follow":"follow","max-snippet":"max-snippet:-1","max-image-preview":"max-image-preview:large","max-video-preview":"max-video-preview:-1"},"canonical":"https:\/\/dh-software.de\/nl\/afdruk\/","og_locale":"nl_NL","og_type":"article","og_title":"Afdruk - Innovative 3D-Planungssoftware f\u00fcr die M\u00f6belbranche von furnplan","og_description":"D+H Software GmbH R\u00f6nacker 2 48619 Heek-Nienborg Duitsland Telefoon: +49 (0) 2568\/9320-0 E-mail: info@furnplan.de www.furnplan.de Beheer: Dipl.-Ing. Reinhard Heuing Werner Depenbrock Handelsregister: Rechtbank Coesfeld, HRB 3475 BTW-nummer volgens \u00a7 27a UstG: DE192959340 Disclaimer Aansprakelijkheid voor inhoud De inhoud van onze pagina&#8217;s is met de grootste zorg gemaakt. We kunnen echter geen aansprakelijkheid aanvaarden voor de [&hellip;]","og_url":"https:\/\/dh-software.de\/nl\/afdruk\/","og_site_name":"Innovative 3D-Planungssoftware f\u00fcr die M\u00f6belbranche von furnplan","article_modified_time":"2024-07-09T14:51:11+00:00","twitter_card":"summary_large_image","twitter_misc":{"Geschatte leestijd":"4 minuut"},"schema":{"@context":"https:\/\/schema.org","@graph":[{"@type":"WebPage","@id":"https:\/\/dh-software.de\/nl\/afdruk\/","url":"https:\/\/dh-software.de\/nl\/afdruk\/","name":"Afdruk - Innovative 3D-Planungssoftware f\u00fcr die M\u00f6belbranche von furnplan","isPartOf":{"@id":"https:\/\/dh-software.de\/nl\/#website"},"datePublished":"2024-05-23T13:10:23+00:00","dateModified":"2024-07-09T14:51:11+00:00","breadcrumb":{"@id":"https:\/\/dh-software.de\/nl\/afdruk\/#breadcrumb"},"inLanguage":"nl-NL","potentialAction":[{"@type":"ReadAction","target":["https:\/\/dh-software.de\/nl\/afdruk\/"]}]},{"@type":"BreadcrumbList","@id":"https:\/\/dh-software.de\/nl\/afdruk\/#breadcrumb","itemListElement":[{"@type":"ListItem","position":1,"name":"Startseite","item":"https:\/\/dh-software.de\/nl\/"},{"@type":"ListItem","position":2,"name":"Afdruk"}]},{"@type":"WebSite","@id":"https:\/\/dh-software.de\/nl\/#website","url":"https:\/\/dh-software.de\/nl\/","name":"Innovative 3D-Planungssoftware f\u00fcr die M\u00f6belbranche von furnplan","description":"","publisher":{"@id":"https:\/\/dh-software.de\/nl\/#organization"},"potentialAction":[{"@type":"SearchAction","target":{"@type":"EntryPoint","urlTemplate":"https:\/\/dh-software.de\/nl\/?s={search_term_string}"},"query-input":{"@type":"PropertyValueSpecification","valueRequired":true,"valueName":"search_term_string"}}],"inLanguage":"nl-NL"},{"@type":"Organization","@id":"https:\/\/dh-software.de\/nl\/#organization","name":"Innovative 3D-Planungssoftware f\u00fcr die M\u00f6belbranche von furnplan","url":"https:\/\/dh-software.de\/nl\/","logo":{"@type":"ImageObject","inLanguage":"nl-NL","@id":"https:\/\/dh-software.de\/nl\/#\/schema\/logo\/image\/","url":"https:\/\/dh-software.de\/wp-content\/uploads\/2023\/05\/logo_DH_RGB.png","contentUrl":"https:\/\/dh-software.de\/wp-content\/uploads\/2023\/05\/logo_DH_RGB.png","width":162,"height":90,"caption":"Innovative 3D-Planungssoftware f\u00fcr die M\u00f6belbranche von furnplan"},"image":{"@id":"https:\/\/dh-software.de\/nl\/#\/schema\/logo\/image\/"}}]}},"_links":{"self":[{"href":"https:\/\/dh-software.de\/nl\/wp-json\/wp\/v2\/pages\/12810","targetHints":{"allow":["GET"]}}],"collection":[{"href":"https:\/\/dh-software.de\/nl\/wp-json\/wp\/v2\/pages"}],"about":[{"href":"https:\/\/dh-software.de\/nl\/wp-json\/wp\/v2\/types\/page"}],"author":[{"embeddable":true,"href":"https:\/\/dh-software.de\/nl\/wp-json\/wp\/v2\/users\/1"}],"replies":[{"embeddable":true,"href":"https:\/\/dh-software.de\/nl\/wp-json\/wp\/v2\/comments?post=12810"}],"version-history":[{"count":1,"href":"https:\/\/dh-software.de\/nl\/wp-json\/wp\/v2\/pages\/12810\/revisions"}],"predecessor-version":[{"id":13722,"href":"https:\/\/dh-software.de\/nl\/wp-json\/wp\/v2\/pages\/12810\/revisions\/13722"}],"wp:attachment":[{"href":"https:\/\/dh-software.de\/nl\/wp-json\/wp\/v2\/media?parent=12810"}],"curies":[{"name":"wp","href":"https:\/\/api.w.org\/{rel}","templated":true}]}}